{"id":8483,"date":"2025-06-23T16:42:41","date_gmt":"2025-06-23T13:42:41","guid":{"rendered":"https:\/\/www.grandalisa.com\/?page_id=8483"},"modified":"2025-06-23T16:42:51","modified_gmt":"2025-06-23T13:42:51","slug":"enerji-verimliligi-politikasi","status":"publish","type":"page","link":"https:\/\/www.grandalisa.com\/tr\/enerji-verimliligi-politikasi\/","title":{"rendered":"ENERJ\u0130 VER\u0130ML\u0130L\u0130\u011e\u0130 POL\u0130T\u0130KASI"},"content":{"rendered":"<p style=\"text-align: center;\">D\u00fcnyam\u0131z\u0131 olas\u0131 tehlikelerden korumak i\u00e7in enerjimizi verimli kullan\u0131yor ve<br \/>\nenerji sarfiyat\u0131m\u0131z\u0131 azaltmak i\u00e7in hedefler belirliyoruz.<br \/>\nBunun i\u00e7in;<br \/>\n-Hem do\u011faya kar\u015f\u0131 sorumluluklar\u0131m\u0131z hem de yasal y\u00fck\u00fcml\u00fcl\u00fcklerimizi<br \/>\nyerine getirmek \u00fczere ulusal ve uluslararas\u0131 standartlar\u0131, yasa ve<br \/>\nd\u00fczenlemeleri takip eder, enerji kullan\u0131m\u0131n\u0131 azaltma ve\/veya enerji<br \/>\nt\u00fcketim performans\u0131m\u0131z\u0131n s\u00fcrekli iyile\u015ftirilmesini sa\u011flayacak \u00e7al\u0131\u015fmalar\u0131<br \/>\ng\u00f6n\u00fcll\u00fc olarak y\u00fcr\u00fct\u00fcr, \u00e7al\u0131\u015fmalar\u0131m\u0131z\u0131n sonu\u00e7lar\u0131n\u0131 takip ederiz.<br \/>\n&#8211; Hedefler koyar, \u00e7al\u0131\u015fanlar\u0131m\u0131z\u0131n da kat\u0131l\u0131m\u0131n\u0131 sa\u011flamak amac\u0131yla e\u011fitim<br \/>\nprogramlar\u0131m\u0131zda enerji verimlili\u011fine yer veririz.<br \/>\n&#8211; T\u00fcm payda\u015flar\u0131m\u0131zla enerji y\u00f6netimi konusunda ortak ama\u00e7lar ve<br \/>\nsonu\u00e7lar yaratmak \u00fczere i\u015fbirli\u011fi yapmay\u0131 \u00f6nemseriz. Bu konularda<br \/>\nmisafirlerimiz, \u00e7al\u0131\u015fanlar\u0131m\u0131z, ziyaret\u00e7ilerimiz ve t\u00fcm i\u015f ortaklar\u0131m\u0131z ile<br \/>\nbirlikte topyek\u00fbn bir fark\u0131ndal\u0131k ve bilin\u00e7 seviyesine ula\u015f\u0131lmas\u0131 ad\u0131na<br \/>\netkile\u015fimimizi s\u00fcrd\u00fcrmeye \u00e7al\u0131\u015f\u0131r\u0131z.<br \/>\n&#8211; Enerji verimli uygun \u00fcr\u00fcn, ekipman, te\u00e7hizat ve teknoloji alternatiflerini<br \/>\nara\u015ft\u0131r\u0131p bulmaya, sat\u0131nalmaya ve kullanmaya \u00e7al\u0131\u015f\u0131r\u0131z.<br \/>\n&#8211; Enerji Y\u00f6netim Sistemimizi dok\u00fcmante etmeyi, t\u00fcm departmanlar\u0131m\u0131za<br \/>\nyaymay\u0131, gerekti\u011finde g\u00fcncellemeyi, g\u00f6zden ge\u00e7irmeyi ve s\u00fcrekli olarak<br \/>\niyile\u015ftirmeyi hedefleriz.<br \/>\n&#8211; Enerji risklerini veya enerji k\u0131s\u0131t\u0131 gibi do\u011fabilecek acil durumlar\u0131<br \/>\nde\u011ferlendirir, al\u0131nabilecek \u00f6nlemleri planlar\u0131z.<\/p>\n","protected":false},"excerpt":{"rendered":"<p>D\u00fcnyam\u0131z\u0131 olas\u0131 tehlikelerden korumak i\u00e7in enerjimizi verimli kullan\u0131yor ve enerji sarfiyat\u0131m\u0131z\u0131 azaltmak i\u00e7in hedefler belirliyoruz. Bunun i\u00e7in; -Hem do\u011faya kar\u015f\u0131<\/p>\n","protected":false},"author":1,"featured_media":0,"parent":0,"menu_order":0,"comment_status":"closed","ping_status":"closed","template":"","meta":{"footnotes":""},"class_list":["post-8483","page","type-page","status-publish","hentry"],"yoast_head":"<!-- This site is optimized with the Yoast SEO plugin v27.5 - https:\/\/yoast.com\/product\/yoast-seo-wordpress\/ -->\n<title>ENERJ\u0130 VER\u0130ML\u0130L\u0130\u011e\u0130 POL\u0130T\u0130KASI - Grand Alisa Hotel Alanya<\/title>\n<meta name=\"robots\" content=\"index, follow, max-snippet:-1, max-image-preview:large, max-video-preview:-1\" \/>\n<link rel=\"canonical\" href=\"https:\/\/www.grandalisa.com\/tr\/enerji-verimliligi-politikasi\/\" \/>\n<meta property=\"og:locale\" content=\"tr_TR\" \/>\n<meta property=\"og:type\" content=\"article\" \/>\n<meta property=\"og:title\" content=\"ENERJ\u0130 VER\u0130ML\u0130L\u0130\u011e\u0130 POL\u0130T\u0130KASI - Grand Alisa Hotel Alanya\" \/>\n<meta property=\"og:description\" content=\"D\u00fcnyam\u0131z\u0131 olas\u0131 tehlikelerden korumak i\u00e7in enerjimizi verimli kullan\u0131yor ve enerji sarfiyat\u0131m\u0131z\u0131 azaltmak i\u00e7in hedefler belirliyoruz. Bunun i\u00e7in; -Hem do\u011faya kar\u015f\u0131\" \/>\n<meta property=\"og:url\" content=\"https:\/\/www.grandalisa.com\/tr\/enerji-verimliligi-politikasi\/\" \/>\n<meta property=\"og:site_name\" content=\"Grand Alisa Hotel Alanya\" \/>\n<meta property=\"article:modified_time\" content=\"2025-06-23T13:42:51+00:00\" \/>\n<meta name=\"twitter:card\" content=\"summary_large_image\" \/>\n<meta name=\"twitter:label1\" content=\"Tahmini okuma s\u00fcresi\" \/>\n\t<meta name=\"twitter:data1\" content=\"1 dakika\" \/>\n<script type=\"application\/ld+json\" class=\"yoast-schema-graph\">{\"@context\":\"https:\\\/\\\/schema.org\",\"@graph\":[{\"@type\":\"WebPage\",\"@id\":\"https:\\\/\\\/www.grandalisa.com\\\/tr\\\/enerji-verimliligi-politikasi\\\/\",\"url\":\"https:\\\/\\\/www.grandalisa.com\\\/tr\\\/enerji-verimliligi-politikasi\\\/\",\"name\":\"ENERJ\u0130 VER\u0130ML\u0130L\u0130\u011e\u0130 POL\u0130T\u0130KASI - Grand Alisa Hotel Alanya\",\"isPartOf\":{\"@id\":\"https:\\\/\\\/www.grandalisa.com\\\/#website\"},\"datePublished\":\"2025-06-23T13:42:41+00:00\",\"dateModified\":\"2025-06-23T13:42:51+00:00\",\"breadcrumb\":{\"@id\":\"https:\\\/\\\/www.grandalisa.com\\\/tr\\\/enerji-verimliligi-politikasi\\\/#breadcrumb\"},\"inLanguage\":\"tr\",\"potentialAction\":[{\"@type\":\"ReadAction\",\"target\":[\"https:\\\/\\\/www.grandalisa.com\\\/tr\\\/enerji-verimliligi-politikasi\\\/\"]}]},{\"@type\":\"BreadcrumbList\",\"@id\":\"https:\\\/\\\/www.grandalisa.com\\\/tr\\\/enerji-verimliligi-politikasi\\\/#breadcrumb\",\"itemListElement\":[{\"@type\":\"ListItem\",\"position\":1,\"name\":\"Home\",\"item\":\"https:\\\/\\\/www.grandalisa.com\\\/\"},{\"@type\":\"ListItem\",\"position\":2,\"name\":\"ENERJ\u0130 VER\u0130ML\u0130L\u0130\u011e\u0130 POL\u0130T\u0130KASI\"}]},{\"@type\":\"WebSite\",\"@id\":\"https:\\\/\\\/www.grandalisa.com\\\/#website\",\"url\":\"https:\\\/\\\/www.grandalisa.com\\\/\",\"name\":\"Grand Alisa Hotel Alanya\",\"description\":\"Stay Healthy! -  Alanya, Turkey\",\"potentialAction\":[{\"@type\":\"SearchAction\",\"target\":{\"@type\":\"EntryPoint\",\"urlTemplate\":\"https:\\\/\\\/www.grandalisa.com\\\/?s={search_term_string}\"},\"query-input\":{\"@type\":\"PropertyValueSpecification\",\"valueRequired\":true,\"valueName\":\"search_term_string\"}}],\"inLanguage\":\"tr\"}]}<\/script>\n<!-- \/ Yoast SEO plugin. -->","yoast_head_json":{"title":"ENERJ\u0130 VER\u0130ML\u0130L\u0130\u011e\u0130 POL\u0130T\u0130KASI - Grand Alisa Hotel Alanya","robots":{"index":"index","follow":"follow","max-snippet":"max-snippet:-1","max-image-preview":"max-image-preview:large","max-video-preview":"max-video-preview:-1"},"canonical":"https:\/\/www.grandalisa.com\/tr\/enerji-verimliligi-politikasi\/","og_locale":"tr_TR","og_type":"article","og_title":"ENERJ\u0130 VER\u0130ML\u0130L\u0130\u011e\u0130 POL\u0130T\u0130KASI - Grand Alisa Hotel Alanya","og_description":"D\u00fcnyam\u0131z\u0131 olas\u0131 tehlikelerden korumak i\u00e7in enerjimizi verimli kullan\u0131yor ve enerji sarfiyat\u0131m\u0131z\u0131 azaltmak i\u00e7in hedefler belirliyoruz. Bunun i\u00e7in; -Hem do\u011faya kar\u015f\u0131","og_url":"https:\/\/www.grandalisa.com\/tr\/enerji-verimliligi-politikasi\/","og_site_name":"Grand Alisa Hotel Alanya","article_modified_time":"2025-06-23T13:42:51+00:00","twitter_card":"summary_large_image","twitter_misc":{"Tahmini okuma s\u00fcresi":"1 dakika"},"schema":{"@context":"https:\/\/schema.org","@graph":[{"@type":"WebPage","@id":"https:\/\/www.grandalisa.com\/tr\/enerji-verimliligi-politikasi\/","url":"https:\/\/www.grandalisa.com\/tr\/enerji-verimliligi-politikasi\/","name":"ENERJ\u0130 VER\u0130ML\u0130L\u0130\u011e\u0130 POL\u0130T\u0130KASI - Grand Alisa Hotel Alanya","isPartOf":{"@id":"https:\/\/www.grandalisa.com\/#website"},"datePublished":"2025-06-23T13:42:41+00:00","dateModified":"2025-06-23T13:42:51+00:00","breadcrumb":{"@id":"https:\/\/www.grandalisa.com\/tr\/enerji-verimliligi-politikasi\/#breadcrumb"},"inLanguage":"tr","potentialAction":[{"@type":"ReadAction","target":["https:\/\/www.grandalisa.com\/tr\/enerji-verimliligi-politikasi\/"]}]},{"@type":"BreadcrumbList","@id":"https:\/\/www.grandalisa.com\/tr\/enerji-verimliligi-politikasi\/#breadcrumb","itemListElement":[{"@type":"ListItem","position":1,"name":"Home","item":"https:\/\/www.grandalisa.com\/"},{"@type":"ListItem","position":2,"name":"ENERJ\u0130 VER\u0130ML\u0130L\u0130\u011e\u0130 POL\u0130T\u0130KASI"}]},{"@type":"WebSite","@id":"https:\/\/www.grandalisa.com\/#website","url":"https:\/\/www.grandalisa.com\/","name":"Grand Alisa Hotel Alanya","description":"Stay Healthy! -  Alanya, Turkey","potentialAction":[{"@type":"SearchAction","target":{"@type":"EntryPoint","urlTemplate":"https:\/\/www.grandalisa.com\/?s={search_term_string}"},"query-input":{"@type":"PropertyValueSpecification","valueRequired":true,"valueName":"search_term_string"}}],"inLanguage":"tr"}]}},"_links":{"self":[{"href":"https:\/\/www.grandalisa.com\/tr\/wp-json\/wp\/v2\/pages\/8483","targetHints":{"allow":["GET"]}}],"collection":[{"href":"https:\/\/www.grandalisa.com\/tr\/wp-json\/wp\/v2\/pages"}],"about":[{"href":"https:\/\/www.grandalisa.com\/tr\/wp-json\/wp\/v2\/types\/page"}],"author":[{"embeddable":true,"href":"https:\/\/www.grandalisa.com\/tr\/wp-json\/wp\/v2\/users\/1"}],"replies":[{"embeddable":true,"href":"https:\/\/www.grandalisa.com\/tr\/wp-json\/wp\/v2\/comments?post=8483"}],"version-history":[{"count":1,"href":"https:\/\/www.grandalisa.com\/tr\/wp-json\/wp\/v2\/pages\/8483\/revisions"}],"predecessor-version":[{"id":8485,"href":"https:\/\/www.grandalisa.com\/tr\/wp-json\/wp\/v2\/pages\/8483\/revisions\/8485"}],"wp:attachment":[{"href":"https:\/\/www.grandalisa.com\/tr\/wp-json\/wp\/v2\/media?parent=8483"}],"curies":[{"name":"wp","href":"https:\/\/api.w.org\/{rel}","templated":true}]}}