{"id":8480,"date":"2025-06-23T16:42:05","date_gmt":"2025-06-23T13:42:05","guid":{"rendered":"https:\/\/www.grandalisa.com\/?page_id=8480"},"modified":"2025-06-23T16:42:05","modified_gmt":"2025-06-23T13:42:05","slug":"cocuk-haklari-politikasi","status":"publish","type":"page","link":"https:\/\/www.grandalisa.com\/tr\/cocuk-haklari-politikasi\/","title":{"rendered":"\u00c7OCUK HAKLARI POL\u0130T\u0130KASI"},"content":{"rendered":"<p style=\"text-align: center;\">Birle\u015fmi\u015f Milletler \u0130nsan Haklar\u0131 Evrensel Beyannamesi\u2019nde ve Uluslararas\u0131 \u0130nsan Haklar\u0131<br \/>\nS\u00f6zle\u015fmelerinde, herkesin hak ve \u00f6zg\u00fcrl\u00fcklerden \u0131rk, renk, cinsiyet, dil, din, siyasal ya da ba\u015fka<br \/>\ng\u00f6r\u00fc\u015f, ulusal ya da toplumsal k\u00f6ken, m\u00fclkiyet gibi hi\u00e7bir ay\u0131r\u0131m g\u00f6zetilmeksizin yararlanma<br \/>\nhakk\u0131na sahip olduklar\u0131n\u0131 benimseyip kabul ederiz.<br \/>\nBirle\u015fmi\u015f Milletler \u00c7ocuk Haklar\u0131na Dair S\u00f6zle\u015fme de yer alan \u00e7ocuk haklar\u0131n\u0131n korunmas\u0131na<br \/>\ndair y\u00fck\u00fcml\u00fcl\u00fcklere uyar\u0131z.4 temel ilke olan ayr\u0131m g\u00f6zetmeme , \u00e7ocu\u011fun y\u00fcksek yarar\u0131, ya\u015fama<br \/>\nve geli\u015fme hakk\u0131 ve kat\u0131l\u0131m hakk\u0131 temel prensiplerimizdir.<br \/>\n\u00c7ocuklar haklar\u0131 ile ilgili t\u00fcm yasal ve idari \u00f6nlemleri al\u0131r\u0131z.<br \/>\n\u00c7ocuklar\u0131n geli\u015fimlerinin tam olabilmesi i\u00e7in mutluluk, sevgi ve anlay\u0131\u015f kavramlar\u0131n\u0131n hakim<br \/>\noldu\u011fu bir ortamda yeti\u015fmesinin gereklili\u011fine inan\u0131r\u0131z.<br \/>\n\u00c7ocuk misafirlerimiz i\u00e7in bar\u0131\u015f, de\u011ferbilirlik, ho\u015fg\u00f6r\u00fc, \u00f6zg\u00fcrl\u00fck, e\u015fitlik ve dayan\u0131\u015fma ruhuyla<br \/>\nyeti\u015ftirilmesinin gereklili\u011fini kabul ederiz.<\/p>\n","protected":false},"excerpt":{"rendered":"<p>Birle\u015fmi\u015f Milletler \u0130nsan Haklar\u0131 Evrensel Beyannamesi\u2019nde ve Uluslararas\u0131 \u0130nsan Haklar\u0131 S\u00f6zle\u015fmelerinde, herkesin hak ve \u00f6zg\u00fcrl\u00fcklerden \u0131rk, renk, cinsiyet, dil, din,<\/p>\n","protected":false},"author":1,"featured_media":0,"parent":0,"menu_order":0,"comment_status":"closed","ping_status":"closed","template":"","meta":{"footnotes":""},"class_list":["post-8480","page","type-page","status-publish","hentry"],"yoast_head":"<!-- This site is optimized with the Yoast SEO plugin v27.5 - https:\/\/yoast.com\/product\/yoast-seo-wordpress\/ -->\n<title>\u00c7OCUK HAKLARI POL\u0130T\u0130KASI - Grand Alisa Hotel Alanya<\/title>\n<meta name=\"robots\" content=\"index, follow, max-snippet:-1, max-image-preview:large, max-video-preview:-1\" \/>\n<link rel=\"canonical\" href=\"https:\/\/www.grandalisa.com\/tr\/cocuk-haklari-politikasi\/\" \/>\n<meta property=\"og:locale\" content=\"tr_TR\" \/>\n<meta property=\"og:type\" content=\"article\" \/>\n<meta property=\"og:title\" content=\"\u00c7OCUK HAKLARI POL\u0130T\u0130KASI - Grand Alisa Hotel Alanya\" \/>\n<meta property=\"og:description\" content=\"Birle\u015fmi\u015f Milletler \u0130nsan Haklar\u0131 Evrensel Beyannamesi\u2019nde ve Uluslararas\u0131 \u0130nsan Haklar\u0131 S\u00f6zle\u015fmelerinde, herkesin hak ve \u00f6zg\u00fcrl\u00fcklerden \u0131rk, renk, cinsiyet, dil, din,\" \/>\n<meta property=\"og:url\" content=\"https:\/\/www.grandalisa.com\/tr\/cocuk-haklari-politikasi\/\" \/>\n<meta property=\"og:site_name\" content=\"Grand Alisa Hotel Alanya\" \/>\n<meta name=\"twitter:card\" content=\"summary_large_image\" \/>\n<meta name=\"twitter:label1\" content=\"Tahmini okuma s\u00fcresi\" \/>\n\t<meta name=\"twitter:data1\" content=\"1 dakika\" \/>\n<script type=\"application\/ld+json\" class=\"yoast-schema-graph\">{\"@context\":\"https:\\\/\\\/schema.org\",\"@graph\":[{\"@type\":\"WebPage\",\"@id\":\"https:\\\/\\\/www.grandalisa.com\\\/tr\\\/cocuk-haklari-politikasi\\\/\",\"url\":\"https:\\\/\\\/www.grandalisa.com\\\/tr\\\/cocuk-haklari-politikasi\\\/\",\"name\":\"\u00c7OCUK HAKLARI POL\u0130T\u0130KASI - Grand Alisa Hotel Alanya\",\"isPartOf\":{\"@id\":\"https:\\\/\\\/www.grandalisa.com\\\/#website\"},\"datePublished\":\"2025-06-23T13:42:05+00:00\",\"breadcrumb\":{\"@id\":\"https:\\\/\\\/www.grandalisa.com\\\/tr\\\/cocuk-haklari-politikasi\\\/#breadcrumb\"},\"inLanguage\":\"tr\",\"potentialAction\":[{\"@type\":\"ReadAction\",\"target\":[\"https:\\\/\\\/www.grandalisa.com\\\/tr\\\/cocuk-haklari-politikasi\\\/\"]}]},{\"@type\":\"BreadcrumbList\",\"@id\":\"https:\\\/\\\/www.grandalisa.com\\\/tr\\\/cocuk-haklari-politikasi\\\/#breadcrumb\",\"itemListElement\":[{\"@type\":\"ListItem\",\"position\":1,\"name\":\"Home\",\"item\":\"https:\\\/\\\/www.grandalisa.com\\\/\"},{\"@type\":\"ListItem\",\"position\":2,\"name\":\"\u00c7OCUK HAKLARI POL\u0130T\u0130KASI\"}]},{\"@type\":\"WebSite\",\"@id\":\"https:\\\/\\\/www.grandalisa.com\\\/#website\",\"url\":\"https:\\\/\\\/www.grandalisa.com\\\/\",\"name\":\"Grand Alisa Hotel Alanya\",\"description\":\"Stay Healthy! -  Alanya, Turkey\",\"potentialAction\":[{\"@type\":\"SearchAction\",\"target\":{\"@type\":\"EntryPoint\",\"urlTemplate\":\"https:\\\/\\\/www.grandalisa.com\\\/?s={search_term_string}\"},\"query-input\":{\"@type\":\"PropertyValueSpecification\",\"valueRequired\":true,\"valueName\":\"search_term_string\"}}],\"inLanguage\":\"tr\"}]}<\/script>\n<!-- \/ Yoast SEO plugin. -->","yoast_head_json":{"title":"\u00c7OCUK HAKLARI POL\u0130T\u0130KASI - Grand Alisa Hotel Alanya","robots":{"index":"index","follow":"follow","max-snippet":"max-snippet:-1","max-image-preview":"max-image-preview:large","max-video-preview":"max-video-preview:-1"},"canonical":"https:\/\/www.grandalisa.com\/tr\/cocuk-haklari-politikasi\/","og_locale":"tr_TR","og_type":"article","og_title":"\u00c7OCUK HAKLARI POL\u0130T\u0130KASI - Grand Alisa Hotel Alanya","og_description":"Birle\u015fmi\u015f Milletler \u0130nsan Haklar\u0131 Evrensel Beyannamesi\u2019nde ve Uluslararas\u0131 \u0130nsan Haklar\u0131 S\u00f6zle\u015fmelerinde, herkesin hak ve \u00f6zg\u00fcrl\u00fcklerden \u0131rk, renk, cinsiyet, dil, din,","og_url":"https:\/\/www.grandalisa.com\/tr\/cocuk-haklari-politikasi\/","og_site_name":"Grand Alisa Hotel Alanya","twitter_card":"summary_large_image","twitter_misc":{"Tahmini okuma s\u00fcresi":"1 dakika"},"schema":{"@context":"https:\/\/schema.org","@graph":[{"@type":"WebPage","@id":"https:\/\/www.grandalisa.com\/tr\/cocuk-haklari-politikasi\/","url":"https:\/\/www.grandalisa.com\/tr\/cocuk-haklari-politikasi\/","name":"\u00c7OCUK HAKLARI POL\u0130T\u0130KASI - Grand Alisa Hotel Alanya","isPartOf":{"@id":"https:\/\/www.grandalisa.com\/#website"},"datePublished":"2025-06-23T13:42:05+00:00","breadcrumb":{"@id":"https:\/\/www.grandalisa.com\/tr\/cocuk-haklari-politikasi\/#breadcrumb"},"inLanguage":"tr","potentialAction":[{"@type":"ReadAction","target":["https:\/\/www.grandalisa.com\/tr\/cocuk-haklari-politikasi\/"]}]},{"@type":"BreadcrumbList","@id":"https:\/\/www.grandalisa.com\/tr\/cocuk-haklari-politikasi\/#breadcrumb","itemListElement":[{"@type":"ListItem","position":1,"name":"Home","item":"https:\/\/www.grandalisa.com\/"},{"@type":"ListItem","position":2,"name":"\u00c7OCUK HAKLARI POL\u0130T\u0130KASI"}]},{"@type":"WebSite","@id":"https:\/\/www.grandalisa.com\/#website","url":"https:\/\/www.grandalisa.com\/","name":"Grand Alisa Hotel Alanya","description":"Stay Healthy! -  Alanya, Turkey","potentialAction":[{"@type":"SearchAction","target":{"@type":"EntryPoint","urlTemplate":"https:\/\/www.grandalisa.com\/?s={search_term_string}"},"query-input":{"@type":"PropertyValueSpecification","valueRequired":true,"valueName":"search_term_string"}}],"inLanguage":"tr"}]}},"_links":{"self":[{"href":"https:\/\/www.grandalisa.com\/tr\/wp-json\/wp\/v2\/pages\/8480","targetHints":{"allow":["GET"]}}],"collection":[{"href":"https:\/\/www.grandalisa.com\/tr\/wp-json\/wp\/v2\/pages"}],"about":[{"href":"https:\/\/www.grandalisa.com\/tr\/wp-json\/wp\/v2\/types\/page"}],"author":[{"embeddable":true,"href":"https:\/\/www.grandalisa.com\/tr\/wp-json\/wp\/v2\/users\/1"}],"replies":[{"embeddable":true,"href":"https:\/\/www.grandalisa.com\/tr\/wp-json\/wp\/v2\/comments?post=8480"}],"version-history":[{"count":1,"href":"https:\/\/www.grandalisa.com\/tr\/wp-json\/wp\/v2\/pages\/8480\/revisions"}],"predecessor-version":[{"id":8482,"href":"https:\/\/www.grandalisa.com\/tr\/wp-json\/wp\/v2\/pages\/8480\/revisions\/8482"}],"wp:attachment":[{"href":"https:\/\/www.grandalisa.com\/tr\/wp-json\/wp\/v2\/media?parent=8480"}],"curies":[{"name":"wp","href":"https:\/\/api.w.org\/{rel}","templated":true}]}}