{"id":8477,"date":"2025-06-23T16:41:28","date_gmt":"2025-06-23T13:41:28","guid":{"rendered":"https:\/\/www.grandalisa.com\/?page_id=8477"},"modified":"2025-06-23T16:41:28","modified_gmt":"2025-06-23T13:41:28","slug":"sosyal-sorumluluk","status":"publish","type":"page","link":"https:\/\/www.grandalisa.com\/tr\/sosyal-sorumluluk\/","title":{"rendered":"SOSYAL SORUMLULUK"},"content":{"rendered":"<p style=\"text-align: center;\">Topluma kar\u015f\u0131 sorumluluk bilinci ve sosyal duyarl\u0131l\u0131k ile hareket ederek, s\u00fcrd\u00fcr\u00fclebilirlik<br \/>\n\u00e7er\u00e7evesinde sosyal sorumluluk projeleri i\u00e7inde yer al\u0131r\u0131z.<br \/>\nS\u00fcrd\u00fcr\u00fclebilirli\u011fin \u00f6l\u00e7\u00fctlerinden biri de sosyal sorumluluktur. Sivil toplum-\u00f6zel sekt\u00f6r<br \/>\ni\u015fbirliklerinin geli\u015fmesi i\u00e7in fayda sa\u011flamakla kalmay\u0131p, ayn\u0131 zamanda s\u00fcrd\u00fcr\u00fclebilir kalk\u0131nman\u0131n<br \/>\nger\u00e7ekle\u015fmesi a\u00e7\u0131s\u0131ndan da \u00f6nem ta\u015f\u0131maktad\u0131r. Sosyal sorumluluk \u00e7er\u00e7evesinde geli\u015ftirilen<br \/>\nfaaliyetlerin, \u00e7evreye, topluma ve ekonomiye katk\u0131 sa\u011flar. Sosyal sorumluluk projeleri gerek<br \/>\nbireyler gerekse toplumun bilin\u00e7lendirilmesi a\u00e7\u0131s\u0131ndan olduk\u00e7a \u00f6nemlidir.<br \/>\nKurumsal sosyal sorumluluk; \u00c7al\u0131\u015fanlara kar\u015f\u0131 sorumluluk, M\u00fc\u015fterilere (t\u00fcketicilere) y\u00f6nelik<br \/>\nsorumluluk, Do\u011faya ve \u00e7evreye kar\u015f\u0131 sorumluluk, Devlete kar\u015f\u0131 sorumluluk, Tedarik\u00e7ilere kar\u015f\u0131<br \/>\nsorumluluk, Topluma kar\u015f\u0131 sorumluluk vs.t\u00fcm payda\u015flara fayda sa\u011flar.<br \/>\nToplumdaki dezavantajl\u0131 gruplar\u0131n seslerini duyurmak, ihtiya\u00e7lar\u0131n\u0131 kar\u015f\u0131lamak ya da baz\u0131<br \/>\ntoplumsal konular hakk\u0131nda fark\u0131ndal\u0131k olu\u015fturarak olumlu bir etki yaratmak ama\u00e7lar\u0131yla sosyal<br \/>\nsorumluluk projelerini destekleriz.<br \/>\nAfetzedelere sosyal yard\u0131mda bulunuruz.<\/p>\n","protected":false},"excerpt":{"rendered":"<p>Topluma kar\u015f\u0131 sorumluluk bilinci ve sosyal duyarl\u0131l\u0131k ile hareket ederek, s\u00fcrd\u00fcr\u00fclebilirlik \u00e7er\u00e7evesinde sosyal sorumluluk projeleri i\u00e7inde yer al\u0131r\u0131z. S\u00fcrd\u00fcr\u00fclebilirli\u011fin \u00f6l\u00e7\u00fctlerinden<\/p>\n","protected":false},"author":1,"featured_media":0,"parent":0,"menu_order":0,"comment_status":"closed","ping_status":"closed","template":"","meta":{"footnotes":""},"class_list":["post-8477","page","type-page","status-publish","hentry"],"yoast_head":"<!-- This site is optimized with the Yoast SEO plugin v27.5 - https:\/\/yoast.com\/product\/yoast-seo-wordpress\/ -->\n<title>SOSYAL SORUMLULUK - Grand Alisa Hotel Alanya<\/title>\n<meta name=\"robots\" content=\"index, follow, max-snippet:-1, max-image-preview:large, max-video-preview:-1\" \/>\n<link rel=\"canonical\" href=\"https:\/\/www.grandalisa.com\/tr\/sosyal-sorumluluk\/\" \/>\n<meta property=\"og:locale\" content=\"tr_TR\" \/>\n<meta property=\"og:type\" content=\"article\" \/>\n<meta property=\"og:title\" content=\"SOSYAL SORUMLULUK - Grand Alisa Hotel Alanya\" \/>\n<meta property=\"og:description\" content=\"Topluma kar\u015f\u0131 sorumluluk bilinci ve sosyal duyarl\u0131l\u0131k ile hareket ederek, s\u00fcrd\u00fcr\u00fclebilirlik \u00e7er\u00e7evesinde sosyal sorumluluk projeleri i\u00e7inde yer al\u0131r\u0131z. S\u00fcrd\u00fcr\u00fclebilirli\u011fin \u00f6l\u00e7\u00fctlerinden\" \/>\n<meta property=\"og:url\" content=\"https:\/\/www.grandalisa.com\/tr\/sosyal-sorumluluk\/\" \/>\n<meta property=\"og:site_name\" content=\"Grand Alisa Hotel Alanya\" \/>\n<meta name=\"twitter:card\" content=\"summary_large_image\" \/>\n<meta name=\"twitter:label1\" content=\"Tahmini okuma s\u00fcresi\" \/>\n\t<meta name=\"twitter:data1\" content=\"1 dakika\" \/>\n<script type=\"application\/ld+json\" class=\"yoast-schema-graph\">{\"@context\":\"https:\\\/\\\/schema.org\",\"@graph\":[{\"@type\":\"WebPage\",\"@id\":\"https:\\\/\\\/www.grandalisa.com\\\/tr\\\/sosyal-sorumluluk\\\/\",\"url\":\"https:\\\/\\\/www.grandalisa.com\\\/tr\\\/sosyal-sorumluluk\\\/\",\"name\":\"SOSYAL SORUMLULUK - Grand Alisa Hotel Alanya\",\"isPartOf\":{\"@id\":\"https:\\\/\\\/www.grandalisa.com\\\/#website\"},\"datePublished\":\"2025-06-23T13:41:28+00:00\",\"breadcrumb\":{\"@id\":\"https:\\\/\\\/www.grandalisa.com\\\/tr\\\/sosyal-sorumluluk\\\/#breadcrumb\"},\"inLanguage\":\"tr\",\"potentialAction\":[{\"@type\":\"ReadAction\",\"target\":[\"https:\\\/\\\/www.grandalisa.com\\\/tr\\\/sosyal-sorumluluk\\\/\"]}]},{\"@type\":\"BreadcrumbList\",\"@id\":\"https:\\\/\\\/www.grandalisa.com\\\/tr\\\/sosyal-sorumluluk\\\/#breadcrumb\",\"itemListElement\":[{\"@type\":\"ListItem\",\"position\":1,\"name\":\"Home\",\"item\":\"https:\\\/\\\/www.grandalisa.com\\\/\"},{\"@type\":\"ListItem\",\"position\":2,\"name\":\"SOSYAL SORUMLULUK\"}]},{\"@type\":\"WebSite\",\"@id\":\"https:\\\/\\\/www.grandalisa.com\\\/#website\",\"url\":\"https:\\\/\\\/www.grandalisa.com\\\/\",\"name\":\"Grand Alisa Hotel Alanya\",\"description\":\"Stay Healthy! -  Alanya, Turkey\",\"potentialAction\":[{\"@type\":\"SearchAction\",\"target\":{\"@type\":\"EntryPoint\",\"urlTemplate\":\"https:\\\/\\\/www.grandalisa.com\\\/?s={search_term_string}\"},\"query-input\":{\"@type\":\"PropertyValueSpecification\",\"valueRequired\":true,\"valueName\":\"search_term_string\"}}],\"inLanguage\":\"tr\"}]}<\/script>\n<!-- \/ Yoast SEO plugin. -->","yoast_head_json":{"title":"SOSYAL SORUMLULUK - Grand Alisa Hotel Alanya","robots":{"index":"index","follow":"follow","max-snippet":"max-snippet:-1","max-image-preview":"max-image-preview:large","max-video-preview":"max-video-preview:-1"},"canonical":"https:\/\/www.grandalisa.com\/tr\/sosyal-sorumluluk\/","og_locale":"tr_TR","og_type":"article","og_title":"SOSYAL SORUMLULUK - Grand Alisa Hotel Alanya","og_description":"Topluma kar\u015f\u0131 sorumluluk bilinci ve sosyal duyarl\u0131l\u0131k ile hareket ederek, s\u00fcrd\u00fcr\u00fclebilirlik \u00e7er\u00e7evesinde sosyal sorumluluk projeleri i\u00e7inde yer al\u0131r\u0131z. S\u00fcrd\u00fcr\u00fclebilirli\u011fin \u00f6l\u00e7\u00fctlerinden","og_url":"https:\/\/www.grandalisa.com\/tr\/sosyal-sorumluluk\/","og_site_name":"Grand Alisa Hotel Alanya","twitter_card":"summary_large_image","twitter_misc":{"Tahmini okuma s\u00fcresi":"1 dakika"},"schema":{"@context":"https:\/\/schema.org","@graph":[{"@type":"WebPage","@id":"https:\/\/www.grandalisa.com\/tr\/sosyal-sorumluluk\/","url":"https:\/\/www.grandalisa.com\/tr\/sosyal-sorumluluk\/","name":"SOSYAL SORUMLULUK - Grand Alisa Hotel Alanya","isPartOf":{"@id":"https:\/\/www.grandalisa.com\/#website"},"datePublished":"2025-06-23T13:41:28+00:00","breadcrumb":{"@id":"https:\/\/www.grandalisa.com\/tr\/sosyal-sorumluluk\/#breadcrumb"},"inLanguage":"tr","potentialAction":[{"@type":"ReadAction","target":["https:\/\/www.grandalisa.com\/tr\/sosyal-sorumluluk\/"]}]},{"@type":"BreadcrumbList","@id":"https:\/\/www.grandalisa.com\/tr\/sosyal-sorumluluk\/#breadcrumb","itemListElement":[{"@type":"ListItem","position":1,"name":"Home","item":"https:\/\/www.grandalisa.com\/"},{"@type":"ListItem","position":2,"name":"SOSYAL SORUMLULUK"}]},{"@type":"WebSite","@id":"https:\/\/www.grandalisa.com\/#website","url":"https:\/\/www.grandalisa.com\/","name":"Grand Alisa Hotel Alanya","description":"Stay Healthy! -  Alanya, Turkey","potentialAction":[{"@type":"SearchAction","target":{"@type":"EntryPoint","urlTemplate":"https:\/\/www.grandalisa.com\/?s={search_term_string}"},"query-input":{"@type":"PropertyValueSpecification","valueRequired":true,"valueName":"search_term_string"}}],"inLanguage":"tr"}]}},"_links":{"self":[{"href":"https:\/\/www.grandalisa.com\/tr\/wp-json\/wp\/v2\/pages\/8477","targetHints":{"allow":["GET"]}}],"collection":[{"href":"https:\/\/www.grandalisa.com\/tr\/wp-json\/wp\/v2\/pages"}],"about":[{"href":"https:\/\/www.grandalisa.com\/tr\/wp-json\/wp\/v2\/types\/page"}],"author":[{"embeddable":true,"href":"https:\/\/www.grandalisa.com\/tr\/wp-json\/wp\/v2\/users\/1"}],"replies":[{"embeddable":true,"href":"https:\/\/www.grandalisa.com\/tr\/wp-json\/wp\/v2\/comments?post=8477"}],"version-history":[{"count":1,"href":"https:\/\/www.grandalisa.com\/tr\/wp-json\/wp\/v2\/pages\/8477\/revisions"}],"predecessor-version":[{"id":8479,"href":"https:\/\/www.grandalisa.com\/tr\/wp-json\/wp\/v2\/pages\/8477\/revisions\/8479"}],"wp:attachment":[{"href":"https:\/\/www.grandalisa.com\/tr\/wp-json\/wp\/v2\/media?parent=8477"}],"curies":[{"name":"wp","href":"https:\/\/api.w.org\/{rel}","templated":true}]}}