{"id":8471,"date":"2025-06-23T16:39:45","date_gmt":"2025-06-23T13:39:45","guid":{"rendered":"https:\/\/www.grandalisa.com\/?page_id=8471"},"modified":"2025-06-23T16:39:45","modified_gmt":"2025-06-23T13:39:45","slug":"kalite-ve-gida-guvenligi-politikasi","status":"publish","type":"page","link":"https:\/\/www.grandalisa.com\/tr\/kalite-ve-gida-guvenligi-politikasi\/","title":{"rendered":"KAL\u0130TE VE GIDA G\u00dcVENL\u0130\u011e\u0130 POL\u0130T\u0130KASI"},"content":{"rendered":"<p style=\"text-align: center;\">Grand Alisa Otel olarak; kalite ve g\u0131da g\u00fcvenli\u011fi y\u00f6netim sistemleri gerekliliklerini etkin olarak<br \/>\nuygulayan ve s\u00fcrekli iyile\u015ftirme yakla\u015f\u0131m\u0131n\u0131 benimsemi\u015f uzman kadrolar\u0131yla, yasal \u015fartlar\u0131 temel<br \/>\nalarak ve t\u00fcm payda\u015flar\u0131n\u0131n \u00e7\u0131karlar\u0131n\u0131 koruyarak, sekt\u00f6r\u00fcnde fark yaratan bir kurulu\u015f olmay\u0131<br \/>\nama\u00e7lamaktad\u0131r.<br \/>\nGrand Alisa Otel misafir memnuniyetinin s\u00fcreklili\u011fini sa\u011flamak ve sosyal sorumluluk gere\u011fi<br \/>\ns\u00fcrd\u00fcr\u00fclebilir bir \u00e7evre i\u00e7in gerekli olan t\u00fcm kaynaklar\u0131 sa\u011flamay\u0131 ilke edinmi\u015f y\u00f6netim<br \/>\nanlay\u0131\u015f\u0131yla, m\u00fc\u015fterilerine beklentilerinin \u00f6tesinde g\u00fcvenilir g\u0131da ve y\u00fcksek standartlarda hizmet<br \/>\nsunmay\u0131 t\u00fcm \u00e7al\u0131\u015fanlar\u0131 ad\u0131na taahh\u00fct eder.<br \/>\nG\u0131da g\u00fcvenli\u011fi sisteminde, hammaddelerin sat\u0131n al\u0131nmas\u0131ndan g\u0131dalar\u0131n t\u00fcketimine kadar<br \/>\nolan g\u0131da \u00fcretimi, sunumu ve depolama alanlar\u0131nda hijyen kurallar\u0131n\u0131 HACCP temel ilkeleri<br \/>\ndo\u011frultusunda uygulayarak insan sa\u011fl\u0131\u011f\u0131n\u0131 korumay\u0131,<br \/>\nG\u0131dalar\u0131n sat\u0131n al\u0131m\u0131ndan misafir sunumuna kadar ge\u00e7en evrelerde; s\u00fcrekli g\u0131da g\u00fcvenli\u011fini<br \/>\nsa\u011flayarak en \u00fcst seviyeye ta\u015f\u0131may\u0131,<br \/>\nTeknolojik geli\u015fmeleri, yasal \u015fartlar\u0131 ve mevzuatlar\u0131 takip etmeyi,<br \/>\nYeniliklere a\u00e7\u0131k olmay\u0131 ve e\u011fitime \u00f6nem vermeyi taahh\u00fct ediyoruz .<\/p>\n","protected":false},"excerpt":{"rendered":"<p>Grand Alisa Otel olarak; kalite ve g\u0131da g\u00fcvenli\u011fi y\u00f6netim sistemleri gerekliliklerini etkin olarak uygulayan ve s\u00fcrekli iyile\u015ftirme yakla\u015f\u0131m\u0131n\u0131 benimsemi\u015f uzman<\/p>\n","protected":false},"author":1,"featured_media":0,"parent":0,"menu_order":0,"comment_status":"closed","ping_status":"closed","template":"","meta":{"footnotes":""},"class_list":["post-8471","page","type-page","status-publish","hentry"],"yoast_head":"<!-- This site is optimized with the Yoast SEO plugin v27.5 - https:\/\/yoast.com\/product\/yoast-seo-wordpress\/ -->\n<title>KAL\u0130TE VE GIDA G\u00dcVENL\u0130\u011e\u0130 POL\u0130T\u0130KASI - Grand Alisa Hotel Alanya<\/title>\n<meta name=\"robots\" content=\"index, follow, max-snippet:-1, max-image-preview:large, max-video-preview:-1\" \/>\n<link rel=\"canonical\" href=\"https:\/\/www.grandalisa.com\/tr\/kalite-ve-gida-guvenligi-politikasi\/\" \/>\n<meta property=\"og:locale\" content=\"tr_TR\" \/>\n<meta property=\"og:type\" content=\"article\" \/>\n<meta property=\"og:title\" content=\"KAL\u0130TE VE GIDA G\u00dcVENL\u0130\u011e\u0130 POL\u0130T\u0130KASI - Grand Alisa Hotel Alanya\" \/>\n<meta property=\"og:description\" content=\"Grand Alisa Otel olarak; kalite ve g\u0131da g\u00fcvenli\u011fi y\u00f6netim sistemleri gerekliliklerini etkin olarak uygulayan ve s\u00fcrekli iyile\u015ftirme yakla\u015f\u0131m\u0131n\u0131 benimsemi\u015f uzman\" \/>\n<meta property=\"og:url\" content=\"https:\/\/www.grandalisa.com\/tr\/kalite-ve-gida-guvenligi-politikasi\/\" \/>\n<meta property=\"og:site_name\" content=\"Grand Alisa Hotel Alanya\" \/>\n<meta name=\"twitter:card\" content=\"summary_large_image\" \/>\n<meta name=\"twitter:label1\" content=\"Tahmini okuma s\u00fcresi\" \/>\n\t<meta name=\"twitter:data1\" content=\"1 dakika\" \/>\n<script type=\"application\/ld+json\" class=\"yoast-schema-graph\">{\"@context\":\"https:\\\/\\\/schema.org\",\"@graph\":[{\"@type\":\"WebPage\",\"@id\":\"https:\\\/\\\/www.grandalisa.com\\\/tr\\\/kalite-ve-gida-guvenligi-politikasi\\\/\",\"url\":\"https:\\\/\\\/www.grandalisa.com\\\/tr\\\/kalite-ve-gida-guvenligi-politikasi\\\/\",\"name\":\"KAL\u0130TE VE GIDA G\u00dcVENL\u0130\u011e\u0130 POL\u0130T\u0130KASI - Grand Alisa Hotel Alanya\",\"isPartOf\":{\"@id\":\"https:\\\/\\\/www.grandalisa.com\\\/#website\"},\"datePublished\":\"2025-06-23T13:39:45+00:00\",\"breadcrumb\":{\"@id\":\"https:\\\/\\\/www.grandalisa.com\\\/tr\\\/kalite-ve-gida-guvenligi-politikasi\\\/#breadcrumb\"},\"inLanguage\":\"tr\",\"potentialAction\":[{\"@type\":\"ReadAction\",\"target\":[\"https:\\\/\\\/www.grandalisa.com\\\/tr\\\/kalite-ve-gida-guvenligi-politikasi\\\/\"]}]},{\"@type\":\"BreadcrumbList\",\"@id\":\"https:\\\/\\\/www.grandalisa.com\\\/tr\\\/kalite-ve-gida-guvenligi-politikasi\\\/#breadcrumb\",\"itemListElement\":[{\"@type\":\"ListItem\",\"position\":1,\"name\":\"Home\",\"item\":\"https:\\\/\\\/www.grandalisa.com\\\/\"},{\"@type\":\"ListItem\",\"position\":2,\"name\":\"KAL\u0130TE VE GIDA G\u00dcVENL\u0130\u011e\u0130 POL\u0130T\u0130KASI\"}]},{\"@type\":\"WebSite\",\"@id\":\"https:\\\/\\\/www.grandalisa.com\\\/#website\",\"url\":\"https:\\\/\\\/www.grandalisa.com\\\/\",\"name\":\"Grand Alisa Hotel Alanya\",\"description\":\"Stay Healthy! -  Alanya, Turkey\",\"potentialAction\":[{\"@type\":\"SearchAction\",\"target\":{\"@type\":\"EntryPoint\",\"urlTemplate\":\"https:\\\/\\\/www.grandalisa.com\\\/?s={search_term_string}\"},\"query-input\":{\"@type\":\"PropertyValueSpecification\",\"valueRequired\":true,\"valueName\":\"search_term_string\"}}],\"inLanguage\":\"tr\"}]}<\/script>\n<!-- \/ Yoast SEO plugin. -->","yoast_head_json":{"title":"KAL\u0130TE VE GIDA G\u00dcVENL\u0130\u011e\u0130 POL\u0130T\u0130KASI - Grand Alisa Hotel Alanya","robots":{"index":"index","follow":"follow","max-snippet":"max-snippet:-1","max-image-preview":"max-image-preview:large","max-video-preview":"max-video-preview:-1"},"canonical":"https:\/\/www.grandalisa.com\/tr\/kalite-ve-gida-guvenligi-politikasi\/","og_locale":"tr_TR","og_type":"article","og_title":"KAL\u0130TE VE GIDA G\u00dcVENL\u0130\u011e\u0130 POL\u0130T\u0130KASI - Grand Alisa Hotel Alanya","og_description":"Grand Alisa Otel olarak; kalite ve g\u0131da g\u00fcvenli\u011fi y\u00f6netim sistemleri gerekliliklerini etkin olarak uygulayan ve s\u00fcrekli iyile\u015ftirme yakla\u015f\u0131m\u0131n\u0131 benimsemi\u015f uzman","og_url":"https:\/\/www.grandalisa.com\/tr\/kalite-ve-gida-guvenligi-politikasi\/","og_site_name":"Grand Alisa Hotel Alanya","twitter_card":"summary_large_image","twitter_misc":{"Tahmini okuma s\u00fcresi":"1 dakika"},"schema":{"@context":"https:\/\/schema.org","@graph":[{"@type":"WebPage","@id":"https:\/\/www.grandalisa.com\/tr\/kalite-ve-gida-guvenligi-politikasi\/","url":"https:\/\/www.grandalisa.com\/tr\/kalite-ve-gida-guvenligi-politikasi\/","name":"KAL\u0130TE VE GIDA G\u00dcVENL\u0130\u011e\u0130 POL\u0130T\u0130KASI - Grand Alisa Hotel Alanya","isPartOf":{"@id":"https:\/\/www.grandalisa.com\/#website"},"datePublished":"2025-06-23T13:39:45+00:00","breadcrumb":{"@id":"https:\/\/www.grandalisa.com\/tr\/kalite-ve-gida-guvenligi-politikasi\/#breadcrumb"},"inLanguage":"tr","potentialAction":[{"@type":"ReadAction","target":["https:\/\/www.grandalisa.com\/tr\/kalite-ve-gida-guvenligi-politikasi\/"]}]},{"@type":"BreadcrumbList","@id":"https:\/\/www.grandalisa.com\/tr\/kalite-ve-gida-guvenligi-politikasi\/#breadcrumb","itemListElement":[{"@type":"ListItem","position":1,"name":"Home","item":"https:\/\/www.grandalisa.com\/"},{"@type":"ListItem","position":2,"name":"KAL\u0130TE VE GIDA G\u00dcVENL\u0130\u011e\u0130 POL\u0130T\u0130KASI"}]},{"@type":"WebSite","@id":"https:\/\/www.grandalisa.com\/#website","url":"https:\/\/www.grandalisa.com\/","name":"Grand Alisa Hotel Alanya","description":"Stay Healthy! -  Alanya, Turkey","potentialAction":[{"@type":"SearchAction","target":{"@type":"EntryPoint","urlTemplate":"https:\/\/www.grandalisa.com\/?s={search_term_string}"},"query-input":{"@type":"PropertyValueSpecification","valueRequired":true,"valueName":"search_term_string"}}],"inLanguage":"tr"}]}},"_links":{"self":[{"href":"https:\/\/www.grandalisa.com\/tr\/wp-json\/wp\/v2\/pages\/8471","targetHints":{"allow":["GET"]}}],"collection":[{"href":"https:\/\/www.grandalisa.com\/tr\/wp-json\/wp\/v2\/pages"}],"about":[{"href":"https:\/\/www.grandalisa.com\/tr\/wp-json\/wp\/v2\/types\/page"}],"author":[{"embeddable":true,"href":"https:\/\/www.grandalisa.com\/tr\/wp-json\/wp\/v2\/users\/1"}],"replies":[{"embeddable":true,"href":"https:\/\/www.grandalisa.com\/tr\/wp-json\/wp\/v2\/comments?post=8471"}],"version-history":[{"count":1,"href":"https:\/\/www.grandalisa.com\/tr\/wp-json\/wp\/v2\/pages\/8471\/revisions"}],"predecessor-version":[{"id":8473,"href":"https:\/\/www.grandalisa.com\/tr\/wp-json\/wp\/v2\/pages\/8471\/revisions\/8473"}],"wp:attachment":[{"href":"https:\/\/www.grandalisa.com\/tr\/wp-json\/wp\/v2\/media?parent=8471"}],"curies":[{"name":"wp","href":"https:\/\/api.w.org\/{rel}","templated":true}]}}