{"id":8468,"date":"2025-06-23T16:39:13","date_gmt":"2025-06-23T13:39:13","guid":{"rendered":"https:\/\/www.grandalisa.com\/?page_id=8468"},"modified":"2025-06-23T16:39:13","modified_gmt":"2025-06-23T13:39:13","slug":"cevre-politikamiz","status":"publish","type":"page","link":"https:\/\/www.grandalisa.com\/tr\/cevre-politikamiz\/","title":{"rendered":"\u00c7EVRE POL\u0130T\u0130KAMIZ"},"content":{"rendered":"<p style=\"text-align: center;\">GRAND AL\u0130SA O olarak, i\u00e7inde ya\u015fad\u0131\u011f\u0131m\u0131z \u00e7evrenin korunmas\u0131 ve s\u00fcreklili\u011fi i\u00e7in;<br \/>\n&#8211; Faaliyetlerimizi y\u00fcr\u00fct\u00fcrken \u00e7evreye olumsuz etkileri, olas\u0131 tehlikeleri<br \/>\ntespit ederek, i\u00e7inde ya\u015fad\u0131\u011f\u0131m\u0131z \u00e7evreyi ve do\u011fay\u0131 korumak i\u00e7in do\u011fal<br \/>\nkaynaklar\u0131 en verimli \u015fekilde kullanmakta, at\u0131k miktarlar\u0131 azalt\u0131larak geri<br \/>\nd\u00f6n\u00fc\u015f\u00fcm\u00fc sa\u011flanmakta ve \u00e7evre kirlili\u011fi \u00f6nlenmektedir.<br \/>\n&#8211; Turizm sekt\u00f6r\u00fc \u00e7er\u00e7evesinde i\u015fletme i\u00e7erisinde ve d\u0131\u015far\u0131s\u0131nda t\u00fcm \u00e7evre<br \/>\nmevzuatlar\u0131na ve idari d\u00fczenlemelere uyarak ger\u00e7ekle\u015ftirdi\u011fimiz<br \/>\nfaaliyetlerden kaynaklanan \u00e7evresel etkileri en aza indirmek, kaynaklar\u0131n<br \/>\ndo\u011fru kullan\u0131lmas\u0131 ve at\u0131klar\u0131n en do\u011fru \u015fekilde ayr\u0131\u015ft\u0131r\u0131lmas\u0131 yolu ile<br \/>\nhava, su ve g\u00fcr\u00fclt\u00fc kirlili\u011fini ve bunlar\u0131n insan sa\u011fl\u0131\u011f\u0131na ve do\u011faya olan<br \/>\nolumsuz etkilerini \u00f6nlemek, \u00e7al\u0131\u015fanlar\u0131m\u0131za verdi\u011fimiz e\u011fitimlerle sa\u011fl\u0131k,<br \/>\n\u00e7evre ve do\u011fal hayat\u0131n s\u00fcreklili\u011finin korunmas\u0131n\u0131 sa\u011flamak ve gelecek<br \/>\nnesillere daha temiz bir \u00e7evre b\u0131rakmak \u00dcst\u00fcn Otel \u00e7evre y\u00f6netim<br \/>\nfelsefesini olu\u015fturmaktad\u0131r.<br \/>\n&#8211; Y\u00fcr\u00fcrl\u00fckte olan \u00e7evre kanun, y\u00f6netmelik, mevzuat ve d\u00fczenlemelere<br \/>\nuyar, t\u00fcm gereklilikleri yerine getiririz; faaliyetlerimiz kendimizi s\u00fcrekli<br \/>\niyile\u015ftirerek ger\u00e7ekle\u015ftiririz.<\/p>\n","protected":false},"excerpt":{"rendered":"<p>GRAND AL\u0130SA O olarak, i\u00e7inde ya\u015fad\u0131\u011f\u0131m\u0131z \u00e7evrenin korunmas\u0131 ve s\u00fcreklili\u011fi i\u00e7in; &#8211; Faaliyetlerimizi y\u00fcr\u00fct\u00fcrken \u00e7evreye olumsuz etkileri, olas\u0131 tehlikeleri tespit<\/p>\n","protected":false},"author":1,"featured_media":0,"parent":0,"menu_order":0,"comment_status":"closed","ping_status":"closed","template":"","meta":{"footnotes":""},"class_list":["post-8468","page","type-page","status-publish","hentry"],"yoast_head":"<!-- This site is optimized with the Yoast SEO plugin v27.5 - https:\/\/yoast.com\/product\/yoast-seo-wordpress\/ -->\n<title>\u00c7EVRE POL\u0130T\u0130KAMIZ - Grand Alisa Hotel Alanya<\/title>\n<meta name=\"robots\" content=\"index, follow, max-snippet:-1, max-image-preview:large, max-video-preview:-1\" \/>\n<link rel=\"canonical\" href=\"https:\/\/www.grandalisa.com\/tr\/cevre-politikamiz\/\" \/>\n<meta property=\"og:locale\" content=\"tr_TR\" \/>\n<meta property=\"og:type\" content=\"article\" \/>\n<meta property=\"og:title\" content=\"\u00c7EVRE POL\u0130T\u0130KAMIZ - Grand Alisa Hotel Alanya\" \/>\n<meta property=\"og:description\" content=\"GRAND AL\u0130SA O olarak, i\u00e7inde ya\u015fad\u0131\u011f\u0131m\u0131z \u00e7evrenin korunmas\u0131 ve s\u00fcreklili\u011fi i\u00e7in; &#8211; Faaliyetlerimizi y\u00fcr\u00fct\u00fcrken \u00e7evreye olumsuz etkileri, olas\u0131 tehlikeleri tespit\" \/>\n<meta property=\"og:url\" content=\"https:\/\/www.grandalisa.com\/tr\/cevre-politikamiz\/\" \/>\n<meta property=\"og:site_name\" content=\"Grand Alisa Hotel Alanya\" \/>\n<meta name=\"twitter:card\" content=\"summary_large_image\" \/>\n<meta name=\"twitter:label1\" content=\"Tahmini okuma s\u00fcresi\" \/>\n\t<meta name=\"twitter:data1\" content=\"1 dakika\" \/>\n<script type=\"application\/ld+json\" class=\"yoast-schema-graph\">{\"@context\":\"https:\\\/\\\/schema.org\",\"@graph\":[{\"@type\":\"WebPage\",\"@id\":\"https:\\\/\\\/www.grandalisa.com\\\/tr\\\/cevre-politikamiz\\\/\",\"url\":\"https:\\\/\\\/www.grandalisa.com\\\/tr\\\/cevre-politikamiz\\\/\",\"name\":\"\u00c7EVRE POL\u0130T\u0130KAMIZ - Grand Alisa Hotel Alanya\",\"isPartOf\":{\"@id\":\"https:\\\/\\\/www.grandalisa.com\\\/#website\"},\"datePublished\":\"2025-06-23T13:39:13+00:00\",\"breadcrumb\":{\"@id\":\"https:\\\/\\\/www.grandalisa.com\\\/tr\\\/cevre-politikamiz\\\/#breadcrumb\"},\"inLanguage\":\"tr\",\"potentialAction\":[{\"@type\":\"ReadAction\",\"target\":[\"https:\\\/\\\/www.grandalisa.com\\\/tr\\\/cevre-politikamiz\\\/\"]}]},{\"@type\":\"BreadcrumbList\",\"@id\":\"https:\\\/\\\/www.grandalisa.com\\\/tr\\\/cevre-politikamiz\\\/#breadcrumb\",\"itemListElement\":[{\"@type\":\"ListItem\",\"position\":1,\"name\":\"Home\",\"item\":\"https:\\\/\\\/www.grandalisa.com\\\/\"},{\"@type\":\"ListItem\",\"position\":2,\"name\":\"\u00c7EVRE POL\u0130T\u0130KAMIZ\"}]},{\"@type\":\"WebSite\",\"@id\":\"https:\\\/\\\/www.grandalisa.com\\\/#website\",\"url\":\"https:\\\/\\\/www.grandalisa.com\\\/\",\"name\":\"Grand Alisa Hotel Alanya\",\"description\":\"Stay Healthy! -  Alanya, Turkey\",\"potentialAction\":[{\"@type\":\"SearchAction\",\"target\":{\"@type\":\"EntryPoint\",\"urlTemplate\":\"https:\\\/\\\/www.grandalisa.com\\\/?s={search_term_string}\"},\"query-input\":{\"@type\":\"PropertyValueSpecification\",\"valueRequired\":true,\"valueName\":\"search_term_string\"}}],\"inLanguage\":\"tr\"}]}<\/script>\n<!-- \/ Yoast SEO plugin. -->","yoast_head_json":{"title":"\u00c7EVRE POL\u0130T\u0130KAMIZ - Grand Alisa Hotel Alanya","robots":{"index":"index","follow":"follow","max-snippet":"max-snippet:-1","max-image-preview":"max-image-preview:large","max-video-preview":"max-video-preview:-1"},"canonical":"https:\/\/www.grandalisa.com\/tr\/cevre-politikamiz\/","og_locale":"tr_TR","og_type":"article","og_title":"\u00c7EVRE POL\u0130T\u0130KAMIZ - Grand Alisa Hotel Alanya","og_description":"GRAND AL\u0130SA O olarak, i\u00e7inde ya\u015fad\u0131\u011f\u0131m\u0131z \u00e7evrenin korunmas\u0131 ve s\u00fcreklili\u011fi i\u00e7in; &#8211; Faaliyetlerimizi y\u00fcr\u00fct\u00fcrken \u00e7evreye olumsuz etkileri, olas\u0131 tehlikeleri tespit","og_url":"https:\/\/www.grandalisa.com\/tr\/cevre-politikamiz\/","og_site_name":"Grand Alisa Hotel Alanya","twitter_card":"summary_large_image","twitter_misc":{"Tahmini okuma s\u00fcresi":"1 dakika"},"schema":{"@context":"https:\/\/schema.org","@graph":[{"@type":"WebPage","@id":"https:\/\/www.grandalisa.com\/tr\/cevre-politikamiz\/","url":"https:\/\/www.grandalisa.com\/tr\/cevre-politikamiz\/","name":"\u00c7EVRE POL\u0130T\u0130KAMIZ - Grand Alisa Hotel Alanya","isPartOf":{"@id":"https:\/\/www.grandalisa.com\/#website"},"datePublished":"2025-06-23T13:39:13+00:00","breadcrumb":{"@id":"https:\/\/www.grandalisa.com\/tr\/cevre-politikamiz\/#breadcrumb"},"inLanguage":"tr","potentialAction":[{"@type":"ReadAction","target":["https:\/\/www.grandalisa.com\/tr\/cevre-politikamiz\/"]}]},{"@type":"BreadcrumbList","@id":"https:\/\/www.grandalisa.com\/tr\/cevre-politikamiz\/#breadcrumb","itemListElement":[{"@type":"ListItem","position":1,"name":"Home","item":"https:\/\/www.grandalisa.com\/"},{"@type":"ListItem","position":2,"name":"\u00c7EVRE POL\u0130T\u0130KAMIZ"}]},{"@type":"WebSite","@id":"https:\/\/www.grandalisa.com\/#website","url":"https:\/\/www.grandalisa.com\/","name":"Grand Alisa Hotel Alanya","description":"Stay Healthy! -  Alanya, Turkey","potentialAction":[{"@type":"SearchAction","target":{"@type":"EntryPoint","urlTemplate":"https:\/\/www.grandalisa.com\/?s={search_term_string}"},"query-input":{"@type":"PropertyValueSpecification","valueRequired":true,"valueName":"search_term_string"}}],"inLanguage":"tr"}]}},"_links":{"self":[{"href":"https:\/\/www.grandalisa.com\/tr\/wp-json\/wp\/v2\/pages\/8468","targetHints":{"allow":["GET"]}}],"collection":[{"href":"https:\/\/www.grandalisa.com\/tr\/wp-json\/wp\/v2\/pages"}],"about":[{"href":"https:\/\/www.grandalisa.com\/tr\/wp-json\/wp\/v2\/types\/page"}],"author":[{"embeddable":true,"href":"https:\/\/www.grandalisa.com\/tr\/wp-json\/wp\/v2\/users\/1"}],"replies":[{"embeddable":true,"href":"https:\/\/www.grandalisa.com\/tr\/wp-json\/wp\/v2\/comments?post=8468"}],"version-history":[{"count":1,"href":"https:\/\/www.grandalisa.com\/tr\/wp-json\/wp\/v2\/pages\/8468\/revisions"}],"predecessor-version":[{"id":8470,"href":"https:\/\/www.grandalisa.com\/tr\/wp-json\/wp\/v2\/pages\/8468\/revisions\/8470"}],"wp:attachment":[{"href":"https:\/\/www.grandalisa.com\/tr\/wp-json\/wp\/v2\/media?parent=8468"}],"curies":[{"name":"wp","href":"https:\/\/api.w.org\/{rel}","templated":true}]}}