{"id":8464,"date":"2025-06-23T16:37:19","date_gmt":"2025-06-23T13:37:19","guid":{"rendered":"https:\/\/www.grandalisa.com\/?page_id=8464"},"modified":"2025-06-23T16:37:42","modified_gmt":"2025-06-23T13:37:42","slug":"surdurulebilir-satin-alma-politikasi","status":"publish","type":"page","link":"https:\/\/www.grandalisa.com\/tr\/surdurulebilir-satin-alma-politikasi\/","title":{"rendered":"S\u00dcRD\u00dcR\u00dcLEB\u0130L\u0130R SATIN ALMA POL\u0130T\u0130KASI"},"content":{"rendered":"<p style=\"text-align: center;\"><strong>S\u00dcRD\u00dcR\u00dcLEB\u0130L\u0130R SATIN<\/strong><br \/>\n<strong>ALMA POL\u0130T\u0130KASI<\/strong><\/p>\n<p style=\"text-align: center;\">S\u00fcrd\u00fcr\u00fclebilir tedarik anlay\u0131\u015f\u0131 do\u011frultusunda tedarik\u00e7ilerimizin\/\u00e7\u00f6z\u00fcm<br \/>\nortaklar\u0131m\u0131z\u0131n;<br \/>\n\uf0b7 Kalite Y\u00f6netim Sistemleri, \u00c7evre ve \u0130\u015f Sa\u011fl\u0131\u011f\u0131 G\u00fcvenli\u011fi Y\u00f6netim<br \/>\nSistemleri, uluslararas\u0131 d\u00fczeyde Kabul g\u00f6rm\u00fc\u015f \u00e7evre ve<br \/>\ns\u00fcrd\u00fcr\u00fclebilirlik etiketlerine\/sertifikalar\u0131na sahip olmas\u0131na,<br \/>\n\uf0b7 \u00dcretim ve tedarikte, \u00e7evreye zararl\u0131 etkilerinin olmamas\u0131na, \u00e7evre<br \/>\nmevzuatlar\u0131na uyuyor olmas\u0131na,<br \/>\n\uf0b7 Kaynaklar\u0131; do\u011fal ya\u015fama, eko sisteme zarar vermeden, uygun bir<br \/>\n\u015fekilde kullan\u0131yor\/t\u00fcketiyor olmas\u0131na, avlanma yasaklar\u0131na uyuyor<br \/>\nolmas\u0131na,<br \/>\n\uf0b7 At\u0131klar\u0131n\u0131 enaza indirmek ve do\u011fru y\u00f6netmek i\u00e7in \u00e7al\u0131\u015f\u0131yor olmas\u0131na,<br \/>\n\u00fcr\u00fcn ambalajlar\u0131nda daha az ambalajlamaya veya d\u00f6kme ambalajlama<br \/>\nalternatifleri sunuyor olmas\u0131na,<br \/>\n\uf0b7 \u00c7evre dostu, tasarruflu, y\u00f6resel, etik de\u011ferlere \u00f6nem veren,<br \/>\ngerid\u00f6n\u00fc\u015febilir veya gerid\u00f6n\u00fc\u015ft\u00fcr\u00fclm\u00fc\u015f malzeme kullanan, organik,<br \/>\nbio, vegan, hayvanlar \u00fczerinde denenmemi\u015f, zararl\u0131 kimyasal bile\u015fenler<br \/>\ni\u00e7ermeyen vb. Alternatifleri sunmalar\u0131na,<br \/>\n\uf0b7 Yerli ve yerel \u00fcretim\/hizmet sa\u011flay\u0131c\u0131s\u0131 olmas\u0131na,<br \/>\n\uf0b7 \u00dclkemizin\/b\u00f6lgemizin mutfa\u011f\u0131n\u0131, geleneklerini, k\u00fclt\u00fcr\u00fcn\u00fc<br \/>\nyans\u0131tan\/tan\u0131tan \u00fcr\u00fcn\/hizmet olmas\u0131na,<br \/>\n\u00d6nem verir ve bu bak\u0131\u015f a\u00e7\u0131m\u0131z\u0131 payda\u015f tedarik\u00e7ilerimize iletiriz.<br \/>\nTedarik\u00e7ilerimiz ile birlikte verimli sat\u0131nalma f\u0131rsatlar\u0131 yaratmaya \u00e7al\u0131\u015f\u0131r,<br \/>\ntedarik s\u00fcre\u00e7lerinden do\u011fan \u00e7evre etkilerini azaltmay\u0131 hedefleriz<\/p>\n","protected":false},"excerpt":{"rendered":"<p>S\u00dcRD\u00dcR\u00dcLEB\u0130L\u0130R SATIN ALMA POL\u0130T\u0130KASI S\u00fcrd\u00fcr\u00fclebilir tedarik anlay\u0131\u015f\u0131 do\u011frultusunda tedarik\u00e7ilerimizin\/\u00e7\u00f6z\u00fcm ortaklar\u0131m\u0131z\u0131n; \uf0b7 Kalite Y\u00f6netim Sistemleri, \u00c7evre ve \u0130\u015f Sa\u011fl\u0131\u011f\u0131 G\u00fcvenli\u011fi Y\u00f6netim<\/p>\n","protected":false},"author":1,"featured_media":0,"parent":0,"menu_order":0,"comment_status":"closed","ping_status":"closed","template":"","meta":{"footnotes":""},"class_list":["post-8464","page","type-page","status-publish","hentry"],"yoast_head":"<!-- This site is optimized with the Yoast SEO plugin v27.5 - https:\/\/yoast.com\/product\/yoast-seo-wordpress\/ -->\n<title>S\u00dcRD\u00dcR\u00dcLEB\u0130L\u0130R SATIN ALMA POL\u0130T\u0130KASI - Grand Alisa Hotel Alanya<\/title>\n<meta name=\"robots\" content=\"index, follow, max-snippet:-1, max-image-preview:large, max-video-preview:-1\" \/>\n<link rel=\"canonical\" href=\"https:\/\/www.grandalisa.com\/tr\/surdurulebilir-satin-alma-politikasi\/\" \/>\n<meta property=\"og:locale\" content=\"tr_TR\" \/>\n<meta property=\"og:type\" content=\"article\" \/>\n<meta property=\"og:title\" content=\"S\u00dcRD\u00dcR\u00dcLEB\u0130L\u0130R SATIN ALMA POL\u0130T\u0130KASI - Grand Alisa Hotel Alanya\" \/>\n<meta property=\"og:description\" content=\"S\u00dcRD\u00dcR\u00dcLEB\u0130L\u0130R SATIN ALMA POL\u0130T\u0130KASI S\u00fcrd\u00fcr\u00fclebilir tedarik anlay\u0131\u015f\u0131 do\u011frultusunda tedarik\u00e7ilerimizin\/\u00e7\u00f6z\u00fcm ortaklar\u0131m\u0131z\u0131n; \uf0b7 Kalite Y\u00f6netim Sistemleri, \u00c7evre ve \u0130\u015f Sa\u011fl\u0131\u011f\u0131 G\u00fcvenli\u011fi Y\u00f6netim\" \/>\n<meta property=\"og:url\" content=\"https:\/\/www.grandalisa.com\/tr\/surdurulebilir-satin-alma-politikasi\/\" \/>\n<meta property=\"og:site_name\" content=\"Grand Alisa Hotel Alanya\" \/>\n<meta property=\"article:modified_time\" content=\"2025-06-23T13:37:42+00:00\" \/>\n<meta name=\"twitter:card\" content=\"summary_large_image\" \/>\n<meta name=\"twitter:label1\" content=\"Tahmini okuma s\u00fcresi\" \/>\n\t<meta name=\"twitter:data1\" content=\"1 dakika\" \/>\n<script type=\"application\/ld+json\" class=\"yoast-schema-graph\">{\"@context\":\"https:\\\/\\\/schema.org\",\"@graph\":[{\"@type\":\"WebPage\",\"@id\":\"https:\\\/\\\/www.grandalisa.com\\\/tr\\\/surdurulebilir-satin-alma-politikasi\\\/\",\"url\":\"https:\\\/\\\/www.grandalisa.com\\\/tr\\\/surdurulebilir-satin-alma-politikasi\\\/\",\"name\":\"S\u00dcRD\u00dcR\u00dcLEB\u0130L\u0130R SATIN ALMA POL\u0130T\u0130KASI - Grand Alisa Hotel Alanya\",\"isPartOf\":{\"@id\":\"https:\\\/\\\/www.grandalisa.com\\\/#website\"},\"datePublished\":\"2025-06-23T13:37:19+00:00\",\"dateModified\":\"2025-06-23T13:37:42+00:00\",\"breadcrumb\":{\"@id\":\"https:\\\/\\\/www.grandalisa.com\\\/tr\\\/surdurulebilir-satin-alma-politikasi\\\/#breadcrumb\"},\"inLanguage\":\"tr\",\"potentialAction\":[{\"@type\":\"ReadAction\",\"target\":[\"https:\\\/\\\/www.grandalisa.com\\\/tr\\\/surdurulebilir-satin-alma-politikasi\\\/\"]}]},{\"@type\":\"BreadcrumbList\",\"@id\":\"https:\\\/\\\/www.grandalisa.com\\\/tr\\\/surdurulebilir-satin-alma-politikasi\\\/#breadcrumb\",\"itemListElement\":[{\"@type\":\"ListItem\",\"position\":1,\"name\":\"Home\",\"item\":\"https:\\\/\\\/www.grandalisa.com\\\/\"},{\"@type\":\"ListItem\",\"position\":2,\"name\":\"S\u00dcRD\u00dcR\u00dcLEB\u0130L\u0130R SATIN ALMA POL\u0130T\u0130KASI\"}]},{\"@type\":\"WebSite\",\"@id\":\"https:\\\/\\\/www.grandalisa.com\\\/#website\",\"url\":\"https:\\\/\\\/www.grandalisa.com\\\/\",\"name\":\"Grand Alisa Hotel Alanya\",\"description\":\"Stay Healthy! -  Alanya, Turkey\",\"potentialAction\":[{\"@type\":\"SearchAction\",\"target\":{\"@type\":\"EntryPoint\",\"urlTemplate\":\"https:\\\/\\\/www.grandalisa.com\\\/?s={search_term_string}\"},\"query-input\":{\"@type\":\"PropertyValueSpecification\",\"valueRequired\":true,\"valueName\":\"search_term_string\"}}],\"inLanguage\":\"tr\"}]}<\/script>\n<!-- \/ Yoast SEO plugin. -->","yoast_head_json":{"title":"S\u00dcRD\u00dcR\u00dcLEB\u0130L\u0130R SATIN ALMA POL\u0130T\u0130KASI - Grand Alisa Hotel Alanya","robots":{"index":"index","follow":"follow","max-snippet":"max-snippet:-1","max-image-preview":"max-image-preview:large","max-video-preview":"max-video-preview:-1"},"canonical":"https:\/\/www.grandalisa.com\/tr\/surdurulebilir-satin-alma-politikasi\/","og_locale":"tr_TR","og_type":"article","og_title":"S\u00dcRD\u00dcR\u00dcLEB\u0130L\u0130R SATIN ALMA POL\u0130T\u0130KASI - Grand Alisa Hotel Alanya","og_description":"S\u00dcRD\u00dcR\u00dcLEB\u0130L\u0130R SATIN ALMA POL\u0130T\u0130KASI S\u00fcrd\u00fcr\u00fclebilir tedarik anlay\u0131\u015f\u0131 do\u011frultusunda tedarik\u00e7ilerimizin\/\u00e7\u00f6z\u00fcm ortaklar\u0131m\u0131z\u0131n; \uf0b7 Kalite Y\u00f6netim Sistemleri, \u00c7evre ve \u0130\u015f Sa\u011fl\u0131\u011f\u0131 G\u00fcvenli\u011fi Y\u00f6netim","og_url":"https:\/\/www.grandalisa.com\/tr\/surdurulebilir-satin-alma-politikasi\/","og_site_name":"Grand Alisa Hotel Alanya","article_modified_time":"2025-06-23T13:37:42+00:00","twitter_card":"summary_large_image","twitter_misc":{"Tahmini okuma s\u00fcresi":"1 dakika"},"schema":{"@context":"https:\/\/schema.org","@graph":[{"@type":"WebPage","@id":"https:\/\/www.grandalisa.com\/tr\/surdurulebilir-satin-alma-politikasi\/","url":"https:\/\/www.grandalisa.com\/tr\/surdurulebilir-satin-alma-politikasi\/","name":"S\u00dcRD\u00dcR\u00dcLEB\u0130L\u0130R SATIN ALMA POL\u0130T\u0130KASI - Grand Alisa Hotel Alanya","isPartOf":{"@id":"https:\/\/www.grandalisa.com\/#website"},"datePublished":"2025-06-23T13:37:19+00:00","dateModified":"2025-06-23T13:37:42+00:00","breadcrumb":{"@id":"https:\/\/www.grandalisa.com\/tr\/surdurulebilir-satin-alma-politikasi\/#breadcrumb"},"inLanguage":"tr","potentialAction":[{"@type":"ReadAction","target":["https:\/\/www.grandalisa.com\/tr\/surdurulebilir-satin-alma-politikasi\/"]}]},{"@type":"BreadcrumbList","@id":"https:\/\/www.grandalisa.com\/tr\/surdurulebilir-satin-alma-politikasi\/#breadcrumb","itemListElement":[{"@type":"ListItem","position":1,"name":"Home","item":"https:\/\/www.grandalisa.com\/"},{"@type":"ListItem","position":2,"name":"S\u00dcRD\u00dcR\u00dcLEB\u0130L\u0130R SATIN ALMA POL\u0130T\u0130KASI"}]},{"@type":"WebSite","@id":"https:\/\/www.grandalisa.com\/#website","url":"https:\/\/www.grandalisa.com\/","name":"Grand Alisa Hotel Alanya","description":"Stay Healthy! -  Alanya, Turkey","potentialAction":[{"@type":"SearchAction","target":{"@type":"EntryPoint","urlTemplate":"https:\/\/www.grandalisa.com\/?s={search_term_string}"},"query-input":{"@type":"PropertyValueSpecification","valueRequired":true,"valueName":"search_term_string"}}],"inLanguage":"tr"}]}},"_links":{"self":[{"href":"https:\/\/www.grandalisa.com\/tr\/wp-json\/wp\/v2\/pages\/8464","targetHints":{"allow":["GET"]}}],"collection":[{"href":"https:\/\/www.grandalisa.com\/tr\/wp-json\/wp\/v2\/pages"}],"about":[{"href":"https:\/\/www.grandalisa.com\/tr\/wp-json\/wp\/v2\/types\/page"}],"author":[{"embeddable":true,"href":"https:\/\/www.grandalisa.com\/tr\/wp-json\/wp\/v2\/users\/1"}],"replies":[{"embeddable":true,"href":"https:\/\/www.grandalisa.com\/tr\/wp-json\/wp\/v2\/comments?post=8464"}],"version-history":[{"count":2,"href":"https:\/\/www.grandalisa.com\/tr\/wp-json\/wp\/v2\/pages\/8464\/revisions"}],"predecessor-version":[{"id":8467,"href":"https:\/\/www.grandalisa.com\/tr\/wp-json\/wp\/v2\/pages\/8464\/revisions\/8467"}],"wp:attachment":[{"href":"https:\/\/www.grandalisa.com\/tr\/wp-json\/wp\/v2\/media?parent=8464"}],"curies":[{"name":"wp","href":"https:\/\/api.w.org\/{rel}","templated":true}]}}