{"id":8459,"date":"2025-06-23T16:33:42","date_gmt":"2025-06-23T13:33:42","guid":{"rendered":"https:\/\/www.grandalisa.com\/?page_id=8459"},"modified":"2025-06-23T16:35:38","modified_gmt":"2025-06-23T13:35:38","slug":"surdurulebilirlik-politikasi","status":"publish","type":"page","link":"https:\/\/www.grandalisa.com\/tr\/surdurulebilirlik-politikasi\/","title":{"rendered":"S\u00dcRD\u00dcR\u00dcLEB\u0130L\u0130RL\u0130K POL\u0130T\u0130KASI"},"content":{"rendered":"<p style=\"text-align: center;\">S\u00fcrd\u00fcr\u00fclebilirlik i\u00e7in ana hedefimiz ekonomik, \u00e7evresel ve sosyal ihtiya\u00e7lar\u0131 kar\u015f\u0131larken<br \/>\ngelecek ku\u015faklar\u0131n ya\u015fam \u015fartlar\u0131na zarar vermeden kar\u015f\u0131lanmas\u0131n\u0131 ve b\u00f6ylece s\u00fcrd\u00fcr\u00fclebilir<br \/>\nkalk\u0131nmay\u0131 sa\u011flamak.<br \/>\nS\u00fcrd\u00fcr\u00fclebilirlik sosyo-ekolojik bir s\u00fcre\u00e7tir ayn\u0131 zamanda k\u00fclt\u00fcrel etki alanlar\u0131 da<br \/>\nvard\u0131r.S\u00fcrd\u00fcr\u00fclebilirlik hakk\u0131nda t\u00fcm \u00e7al\u0131\u015fanlar olarak s\u00fcrd\u00fcr\u00fclebilirli\u011fin bir k\u00fclt\u00fcr olarak<br \/>\nyerle\u015fmesini sa\u011flamay\u0131 taahh\u00fct ediyoruz.<br \/>\nDo\u011fay\u0131 korumak ve yerel istihdama \u00f6nem vermek konusunda titizlikle \u00e7al\u0131\u015fmalar\u0131m\u0131z\u0131<br \/>\nger\u00e7ekle\u015ftiririz.<br \/>\nSa\u011fl\u0131kl\u0131, do\u011fal ekosistem ve bio c\u0327es\u0327itlili\u011fin korunmas\u0131n\u0131 sag\u0306lamak. Bu ba\u011flamda sahillerimizi<br \/>\ntemiz tutarak su canl\u0131lar\u0131n\u0131n ya\u015fam alanlar\u0131na \u00f6nem veririz.<br \/>\nB\u00f6lgemizde turizmin geli\u015fmesine katk\u0131 sa\u011flamak amac\u0131yla misafirlerimize y\u00f6resel, tarihi ve<br \/>\nk\u00fclt\u00fcrel zenginliklerimiz hakk\u0131nda bilgilendirmeler yapar\u0131z.<br \/>\nS\u00fcrd\u00fcr\u00fclebilirli\u011fin do\u011fal ve yenilenebilir kaynaklardan faydalan\u0131lmas\u0131n\u0131 sa\u011flamak. Dog\u0306al<br \/>\nkaynaklar\u0131n kullan\u0131m\u0131nda enerji kaynaklar\u0131m\u0131z\u0131 do\u011fru \u015fekilde y\u00f6netip, hava, su ve toprak<br \/>\nkirlenmesini \u00f6nlemek hedefimizdir.<br \/>\nS\u0131f\u0131r At\u0131k yakla\u015f\u0131m\u0131 ile \u00e7evreyi korumak ad\u0131na at\u0131\u011f\u0131 kayna\u011f\u0131nda azaltmak, tekrar kullanmak<br \/>\nveya geri kazanmak \u015feklinde faaliyetlerimizi y\u00fcr\u00fctmekteyiz.<br \/>\n\u00dcst\u00fcn Otel olarak, \u0130nsan sa\u011fl\u0131\u011f\u0131 ve g\u00fcvenli\u011fini, \u00c7evre ve di\u011fer canl\u0131lar\u0131n g\u00fcvenli\u011fini etkileyebilecek<br \/>\ns\u00fcre\u00e7ler ba\u015fta dahil olmak \u00fczere t\u00fcm \u00fcr\u00fcn ve hizmet s\u00fcre\u00e7lerinde y\u00fcr\u00fcrl\u00fckte olan Ulusal ve<br \/>\nUluslararas\u0131 mevzuat ve d\u00fczenlemeleri uygulad\u0131\u011f\u0131m\u0131z\u0131 ve g\u00fcncelli\u011fini takip etti\u011fimizi taahh\u00fct<br \/>\nediyoruz.<br \/>\n\u00c7evreyi korumak i\u00e7in \u00e7evre dostu \u00fcr\u00fcnler tercih edip enerji, su vb. kaynaklar\u0131 tasarruflu<br \/>\nkullanarak do\u011fal kaynaklar\u0131 korumay\u0131 taahh\u00fct ediyoruz.<br \/>\nEkolojik t\u00fcrlerin dengesinin sa\u011flanmas\u0131 amac\u0131yla endemik bitkileri korumak.<\/p>\n","protected":false},"excerpt":{"rendered":"<p>S\u00fcrd\u00fcr\u00fclebilirlik i\u00e7in ana hedefimiz ekonomik, \u00e7evresel ve sosyal ihtiya\u00e7lar\u0131 kar\u015f\u0131larken gelecek ku\u015faklar\u0131n ya\u015fam \u015fartlar\u0131na zarar vermeden kar\u015f\u0131lanmas\u0131n\u0131 ve b\u00f6ylece s\u00fcrd\u00fcr\u00fclebilir<\/p>\n","protected":false},"author":1,"featured_media":0,"parent":0,"menu_order":0,"comment_status":"closed","ping_status":"closed","template":"","meta":{"footnotes":""},"class_list":["post-8459","page","type-page","status-publish","hentry"],"yoast_head":"<!-- This site is optimized with the Yoast SEO plugin v27.5 - https:\/\/yoast.com\/product\/yoast-seo-wordpress\/ -->\n<title>S\u00dcRD\u00dcR\u00dcLEB\u0130L\u0130RL\u0130K POL\u0130T\u0130KASI - Grand Alisa Hotel Alanya<\/title>\n<meta name=\"robots\" content=\"index, follow, max-snippet:-1, max-image-preview:large, max-video-preview:-1\" \/>\n<link rel=\"canonical\" href=\"https:\/\/www.grandalisa.com\/tr\/surdurulebilirlik-politikasi\/\" \/>\n<meta property=\"og:locale\" content=\"tr_TR\" \/>\n<meta property=\"og:type\" content=\"article\" \/>\n<meta property=\"og:title\" content=\"S\u00dcRD\u00dcR\u00dcLEB\u0130L\u0130RL\u0130K POL\u0130T\u0130KASI - Grand Alisa Hotel Alanya\" \/>\n<meta property=\"og:description\" content=\"S\u00fcrd\u00fcr\u00fclebilirlik i\u00e7in ana hedefimiz ekonomik, \u00e7evresel ve sosyal ihtiya\u00e7lar\u0131 kar\u015f\u0131larken gelecek ku\u015faklar\u0131n ya\u015fam \u015fartlar\u0131na zarar vermeden kar\u015f\u0131lanmas\u0131n\u0131 ve b\u00f6ylece s\u00fcrd\u00fcr\u00fclebilir\" \/>\n<meta property=\"og:url\" content=\"https:\/\/www.grandalisa.com\/tr\/surdurulebilirlik-politikasi\/\" \/>\n<meta property=\"og:site_name\" content=\"Grand Alisa Hotel Alanya\" \/>\n<meta property=\"article:modified_time\" content=\"2025-06-23T13:35:38+00:00\" \/>\n<meta name=\"twitter:card\" content=\"summary_large_image\" \/>\n<meta name=\"twitter:label1\" content=\"Tahmini okuma s\u00fcresi\" \/>\n\t<meta name=\"twitter:data1\" content=\"2 dakika\" \/>\n<script type=\"application\/ld+json\" class=\"yoast-schema-graph\">{\"@context\":\"https:\\\/\\\/schema.org\",\"@graph\":[{\"@type\":\"WebPage\",\"@id\":\"https:\\\/\\\/www.grandalisa.com\\\/tr\\\/surdurulebilirlik-politikasi\\\/\",\"url\":\"https:\\\/\\\/www.grandalisa.com\\\/tr\\\/surdurulebilirlik-politikasi\\\/\",\"name\":\"S\u00dcRD\u00dcR\u00dcLEB\u0130L\u0130RL\u0130K POL\u0130T\u0130KASI - Grand Alisa Hotel Alanya\",\"isPartOf\":{\"@id\":\"https:\\\/\\\/www.grandalisa.com\\\/#website\"},\"datePublished\":\"2025-06-23T13:33:42+00:00\",\"dateModified\":\"2025-06-23T13:35:38+00:00\",\"breadcrumb\":{\"@id\":\"https:\\\/\\\/www.grandalisa.com\\\/tr\\\/surdurulebilirlik-politikasi\\\/#breadcrumb\"},\"inLanguage\":\"tr\",\"potentialAction\":[{\"@type\":\"ReadAction\",\"target\":[\"https:\\\/\\\/www.grandalisa.com\\\/tr\\\/surdurulebilirlik-politikasi\\\/\"]}]},{\"@type\":\"BreadcrumbList\",\"@id\":\"https:\\\/\\\/www.grandalisa.com\\\/tr\\\/surdurulebilirlik-politikasi\\\/#breadcrumb\",\"itemListElement\":[{\"@type\":\"ListItem\",\"position\":1,\"name\":\"Home\",\"item\":\"https:\\\/\\\/www.grandalisa.com\\\/\"},{\"@type\":\"ListItem\",\"position\":2,\"name\":\"S\u00dcRD\u00dcR\u00dcLEB\u0130L\u0130RL\u0130K POL\u0130T\u0130KASI\"}]},{\"@type\":\"WebSite\",\"@id\":\"https:\\\/\\\/www.grandalisa.com\\\/#website\",\"url\":\"https:\\\/\\\/www.grandalisa.com\\\/\",\"name\":\"Grand Alisa Hotel Alanya\",\"description\":\"Stay Healthy! -  Alanya, Turkey\",\"potentialAction\":[{\"@type\":\"SearchAction\",\"target\":{\"@type\":\"EntryPoint\",\"urlTemplate\":\"https:\\\/\\\/www.grandalisa.com\\\/?s={search_term_string}\"},\"query-input\":{\"@type\":\"PropertyValueSpecification\",\"valueRequired\":true,\"valueName\":\"search_term_string\"}}],\"inLanguage\":\"tr\"}]}<\/script>\n<!-- \/ Yoast SEO plugin. -->","yoast_head_json":{"title":"S\u00dcRD\u00dcR\u00dcLEB\u0130L\u0130RL\u0130K POL\u0130T\u0130KASI - Grand Alisa Hotel Alanya","robots":{"index":"index","follow":"follow","max-snippet":"max-snippet:-1","max-image-preview":"max-image-preview:large","max-video-preview":"max-video-preview:-1"},"canonical":"https:\/\/www.grandalisa.com\/tr\/surdurulebilirlik-politikasi\/","og_locale":"tr_TR","og_type":"article","og_title":"S\u00dcRD\u00dcR\u00dcLEB\u0130L\u0130RL\u0130K POL\u0130T\u0130KASI - Grand Alisa Hotel Alanya","og_description":"S\u00fcrd\u00fcr\u00fclebilirlik i\u00e7in ana hedefimiz ekonomik, \u00e7evresel ve sosyal ihtiya\u00e7lar\u0131 kar\u015f\u0131larken gelecek ku\u015faklar\u0131n ya\u015fam \u015fartlar\u0131na zarar vermeden kar\u015f\u0131lanmas\u0131n\u0131 ve b\u00f6ylece s\u00fcrd\u00fcr\u00fclebilir","og_url":"https:\/\/www.grandalisa.com\/tr\/surdurulebilirlik-politikasi\/","og_site_name":"Grand Alisa Hotel Alanya","article_modified_time":"2025-06-23T13:35:38+00:00","twitter_card":"summary_large_image","twitter_misc":{"Tahmini okuma s\u00fcresi":"2 dakika"},"schema":{"@context":"https:\/\/schema.org","@graph":[{"@type":"WebPage","@id":"https:\/\/www.grandalisa.com\/tr\/surdurulebilirlik-politikasi\/","url":"https:\/\/www.grandalisa.com\/tr\/surdurulebilirlik-politikasi\/","name":"S\u00dcRD\u00dcR\u00dcLEB\u0130L\u0130RL\u0130K POL\u0130T\u0130KASI - Grand Alisa Hotel Alanya","isPartOf":{"@id":"https:\/\/www.grandalisa.com\/#website"},"datePublished":"2025-06-23T13:33:42+00:00","dateModified":"2025-06-23T13:35:38+00:00","breadcrumb":{"@id":"https:\/\/www.grandalisa.com\/tr\/surdurulebilirlik-politikasi\/#breadcrumb"},"inLanguage":"tr","potentialAction":[{"@type":"ReadAction","target":["https:\/\/www.grandalisa.com\/tr\/surdurulebilirlik-politikasi\/"]}]},{"@type":"BreadcrumbList","@id":"https:\/\/www.grandalisa.com\/tr\/surdurulebilirlik-politikasi\/#breadcrumb","itemListElement":[{"@type":"ListItem","position":1,"name":"Home","item":"https:\/\/www.grandalisa.com\/"},{"@type":"ListItem","position":2,"name":"S\u00dcRD\u00dcR\u00dcLEB\u0130L\u0130RL\u0130K POL\u0130T\u0130KASI"}]},{"@type":"WebSite","@id":"https:\/\/www.grandalisa.com\/#website","url":"https:\/\/www.grandalisa.com\/","name":"Grand Alisa Hotel Alanya","description":"Stay Healthy! -  Alanya, Turkey","potentialAction":[{"@type":"SearchAction","target":{"@type":"EntryPoint","urlTemplate":"https:\/\/www.grandalisa.com\/?s={search_term_string}"},"query-input":{"@type":"PropertyValueSpecification","valueRequired":true,"valueName":"search_term_string"}}],"inLanguage":"tr"}]}},"_links":{"self":[{"href":"https:\/\/www.grandalisa.com\/tr\/wp-json\/wp\/v2\/pages\/8459","targetHints":{"allow":["GET"]}}],"collection":[{"href":"https:\/\/www.grandalisa.com\/tr\/wp-json\/wp\/v2\/pages"}],"about":[{"href":"https:\/\/www.grandalisa.com\/tr\/wp-json\/wp\/v2\/types\/page"}],"author":[{"embeddable":true,"href":"https:\/\/www.grandalisa.com\/tr\/wp-json\/wp\/v2\/users\/1"}],"replies":[{"embeddable":true,"href":"https:\/\/www.grandalisa.com\/tr\/wp-json\/wp\/v2\/comments?post=8459"}],"version-history":[{"count":3,"href":"https:\/\/www.grandalisa.com\/tr\/wp-json\/wp\/v2\/pages\/8459\/revisions"}],"predecessor-version":[{"id":8463,"href":"https:\/\/www.grandalisa.com\/tr\/wp-json\/wp\/v2\/pages\/8459\/revisions\/8463"}],"wp:attachment":[{"href":"https:\/\/www.grandalisa.com\/tr\/wp-json\/wp\/v2\/media?parent=8459"}],"curies":[{"name":"wp","href":"https:\/\/api.w.org\/{rel}","templated":true}]}}