{"id":8040,"date":"2022-01-18T23:12:39","date_gmt":"2022-01-18T20:12:39","guid":{"rendered":"https:\/\/www.royalisahotel.com\/?page_id=8040"},"modified":"2024-01-17T03:21:06","modified_gmt":"2024-01-17T00:21:06","slug":"gezi-rehberi","status":"publish","type":"page","link":"https:\/\/www.grandalisa.com\/tr\/gezi-rehberi\/","title":{"rendered":"GEZ\u0130 REHBER\u0130"},"content":{"rendered":"<div class=\"wpb-content-wrapper\"><p>[vc_row full_width=&#8221;stretch_row_content_no_spaces&#8221; woodmart_css_id=&#8221;61dcceed8ccbb&#8221; responsive_spacing=&#8221;eyJwYXJhbV90eXBlIjoid29vZG1hcnRfcmVzcG9uc2l2ZV9zcGFjaW5nIiwic2VsZWN0b3JfaWQiOiI2MWRjY2VlZDhjY2JiIiwic2hvcnRjb2RlIjoidmNfcm93IiwiZGF0YSI6eyJ0YWJsZXQiOnt9LCJtb2JpbGUiOnt9fX0=&#8221; mobile_bg_img_hidden=&#8221;no&#8221; tablet_bg_img_hidden=&#8221;no&#8221; woodmart_parallax=&#8221;0&#8243; woodmart_gradient_switch=&#8221;no&#8221; woodmart_box_shadow=&#8221;no&#8221; wd_z_index=&#8221;no&#8221; woodmart_disable_overflow=&#8221;0&#8243; row_reverse_mobile=&#8221;0&#8243; row_reverse_tablet=&#8221;0&#8243;][vc_column][vc_images_carousel images=&#8221;7836,7837,7838,7839&#8243; img_size=&#8221;full&#8221; onclick=&#8221;link_no&#8221; speed=&#8221;3000&#8243; autoplay=&#8221;yes&#8221; hide_pagination_control=&#8221;yes&#8221; hide_prev_next_buttons=&#8221;yes&#8221; wrap=&#8221;yes&#8221;][vc_row_inner][vc_column_inner][vc_column_text woodmart_inline=&#8221;no&#8221; text_larger=&#8221;no&#8221;]<\/p>\n<p style=\"text-align: center; font-size: 45px; color: #333;\">M\u00fckemmel Konum<\/p>\n<p style=\"text-align: center; color: #333; font-size: 15px;\">Alanya&#8217;n\u0131n merkezi ve k\u00fclt\u00fcrel zenginliklerine yak\u0131n bir konumda bulunan Grand Alisa Hotel Alanya, Keykubat Plaj\u0131\u2019na 120 metre, \u015fehir merkezine 1,5 kilometre, Kleopatra Plaj\u0131\u2019na ise sadece 3,2 kilometre uzakl\u0131kta bulunmaktad\u0131r. K\u00fclt\u00fcrel zenginliklerle \u00e7evrili Grand Alisa Hotel tarihi Alanya Kalesi\u2019ne 3,4 kilometre, Damlata\u015f Ma\u011faras\u0131\u2019na 3 kilometre, K\u0131z\u0131l Kule&#8217;ye 2 kilometre, Alanya&#8217;y\u0131 ayaklar\u0131n\u0131z\u0131n alt\u0131na serecek teleferi\u011fe ise sadece 3,6 kilometre mesafededir. Ayr\u0131ca otelimize, ihtiya\u00e7 durumunda polis merkezi 1,5 kilometre, eczane 50 metre hastane ise 1 kilometre uzakl\u0131ktad\u0131r.<\/p>\n<p>[\/vc_column_text][\/vc_column_inner][\/vc_row_inner][\/vc_column][\/vc_row][vc_row][vc_column width=&#8221;3\/5&#8243;][vc_images_carousel images=&#8221;7840&#8243; img_size=&#8221;full&#8221; onclick=&#8221;link_no&#8221; speed=&#8221;3000&#8243; autoplay=&#8221;yes&#8221; hide_pagination_control=&#8221;yes&#8221; hide_prev_next_buttons=&#8221;yes&#8221; wrap=&#8221;yes&#8221;][\/vc_column][vc_column width=&#8221;2\/5&#8243;][vc_empty_space woodmart_hide_large=&#8221;0&#8243; woodmart_hide_medium=&#8221;0&#8243; woodmart_hide_small=&#8221;0&#8243; woodmart_hide_extra_small=&#8221;0&#8243;][vc_column_text woodmart_inline=&#8221;no&#8221; text_larger=&#8221;no&#8221;]<\/p>\n<p style=\"text-align: left; font-size: 45px; color: #333;\">Alanya Kalesi<\/p>\n<p style=\"text-align: left; color: #333; font-size: 15px;\">Alanya&#8217;n\u0131n en \u00f6nemli k\u00fclt\u00fcrel miraslar\u0131 aras\u0131nda yer alan Alanya Kalesi sizi tarihin bir ba\u015fka boyutuna ta\u015f\u0131yacak m\u00fckemmel bir manzara sunuyor. 6 km uzunlukta surlar taraf\u0131ndan \u00e7evrilmi\u015f, 10 hektarl\u0131k bir yar\u0131mada \u00fczerinde bulunan Alanya Kalesi; Helenistik, Roma, Bizans, Sel\u00e7uklu ve Osmanl\u0131 medeniyetlerinin izlerini ta\u015f\u0131yan bir ba\u015fyap\u0131t olarak kar\u015f\u0131n\u0131za \u00e7\u0131kmaktad\u0131r.<\/p>\n<p style=\"text-align: left; color: #333; font-size: 15px;\">Otelden ula\u015f\u0131m<br \/>\nBu e\u015fsiz kale, otelimize sadece 30 dakika uzakl\u0131kta olup, teleferik ile gidi\u015f d\u00f6n\u00fc\u015f yaparak bu gezintiyi daha keyifli bir hale getirebilirsiniz.<br \/>\nE\u011fer Alanya&#8217;y\u0131 saf haliyle g\u00f6rmek isterseniz y\u00fcr\u00fcyerek de Alanya Kalesi&#8217;ne ula\u015fabilirsiniz.<\/p>\n<p>[\/vc_column_text][\/vc_column][\/vc_row][vc_row][vc_column width=&#8221;2\/5&#8243;][vc_empty_space height=&#8221;100px&#8221; woodmart_hide_large=&#8221;0&#8243; woodmart_hide_medium=&#8221;0&#8243; woodmart_hide_small=&#8221;0&#8243; woodmart_hide_extra_small=&#8221;0&#8243;][vc_column_text woodmart_inline=&#8221;no&#8221; text_larger=&#8221;no&#8221;]<\/p>\n<p style=\"text-align: left; font-size: 45px; color: #333;\">Teleferik<\/p>\n<p style=\"text-align: left; color: #333; font-size: 15px;\">Alanya&#8217;n\u0131n muhte\u015fem manzaras\u0131n\u0131 bu b\u00fcy\u00fcl\u00fc teleferik yolculu\u011fu ile g\u00f6rebilirsiniz. 900 metre hat uzunlu\u011funda t\u00fcm Alanya&#8217;y\u0131 g\u00f6rmenize sebep olacak bu yolculu\u011fun sonu ise medeniyetlerin simgesi Alanya Kalesi&#8217;ne \u00e7\u0131k\u0131yor.<\/p>\n<p style=\"text-align: left; color: #333; font-size: 15px;\">\u00c7al\u0131\u015fma Saatleri: 9:30-19:00<\/p>\n<p style=\"text-align: left; color: #333; font-size: 15px;\">Otelden ula\u015f\u0131m<br \/>\nTeleferik, otelimize yaln\u0131zca 30 dakika y\u00fcr\u00fcme mesafesinde olup 2,5 kilometre uzakl\u0131ktad\u0131r.<\/p>\n<p>[\/vc_column_text][\/vc_column][vc_column width=&#8221;3\/5&#8243;][vc_images_carousel images=&#8221;7843&#8243; img_size=&#8221;full&#8221; onclick=&#8221;link_no&#8221; speed=&#8221;3000&#8243; autoplay=&#8221;yes&#8221; hide_pagination_control=&#8221;yes&#8221; hide_prev_next_buttons=&#8221;yes&#8221; wrap=&#8221;yes&#8221;][\/vc_column][\/vc_row][vc_row][vc_column width=&#8221;3\/5&#8243;][vc_images_carousel images=&#8221;7846&#8243; img_size=&#8221;full&#8221; onclick=&#8221;link_no&#8221; speed=&#8221;3000&#8243; autoplay=&#8221;yes&#8221; hide_pagination_control=&#8221;yes&#8221; hide_prev_next_buttons=&#8221;yes&#8221; wrap=&#8221;yes&#8221;][\/vc_column][vc_column width=&#8221;2\/5&#8243;][vc_empty_space height=&#8221;60px&#8221; woodmart_hide_large=&#8221;0&#8243; woodmart_hide_medium=&#8221;0&#8243; woodmart_hide_small=&#8221;0&#8243; woodmart_hide_extra_small=&#8221;0&#8243;][vc_column_text woodmart_inline=&#8221;no&#8221; text_larger=&#8221;no&#8221;]<\/p>\n<p style=\"text-align: left; font-size: 45px; color: #333;\">Alanyum AVM<\/p>\n<p style=\"text-align: left; color: #333; font-size: 15px;\">Otelimizin \u015fehir merkezine yak\u0131nl\u0131\u011f\u0131 al\u0131\u015fveri\u015f i\u00e7in etkileyici f\u0131rsatlar sunmaktad\u0131r. Alanya\u2019n\u0131n cazibe merkezi Alanyum AVM\u2019de diledi\u011finizce \u00e7e\u015fitli markalarda al\u0131\u015fveri\u015f yapabilir veya \u00e7ocuklar\u0131n\u0131zla beraber e\u011flence alanlar\u0131nda vakit ge\u00e7irebilirsiniz.<\/p>\n<p style=\"text-align: left; color: #333; font-size: 15px;\">Otelden ula\u015f\u0131m<br \/>\nOtelimize sadece 550 metre uzakl\u0131ktaki cazibe merkezine 5 dakikal\u0131k bir y\u00fcr\u00fcy\u00fc\u015f sonucunda ula\u015fabilirsiniz.<\/p>\n<p>[\/vc_column_text][\/vc_column][\/vc_row][vc_row][vc_column width=&#8221;2\/5&#8243;][vc_empty_space height=&#8221;100px&#8221; woodmart_hide_large=&#8221;0&#8243; woodmart_hide_medium=&#8221;0&#8243; woodmart_hide_small=&#8221;0&#8243; woodmart_hide_extra_small=&#8221;0&#8243;][vc_column_text woodmart_inline=&#8221;no&#8221; text_larger=&#8221;no&#8221;]<\/p>\n<p style=\"text-align: left; font-size: 45px; color: #333;\">K\u0131z\u0131l Kule<\/p>\n<p style=\"text-align: left; color: #333; font-size: 15px;\">Alanya Liman\u0131\u2019nda bulunan, 13. y\u00fczy\u0131l Sel\u00e7uklu d\u00f6nemine ait sekizgen planl\u0131 tarihi yap\u0131 sizi ge\u00e7mi\u015fe do\u011fru bir yolculu\u011fa \u00e7\u0131karacak.<\/p>\n<p style=\"text-align: left; color: #333; font-size: 15px;\">Otelden ula\u015f\u0131m<br \/>\nK\u0131z\u0131l Kule otelimizden 2 kilometre uzakl\u0131kta olup 30 dakika y\u00fcr\u00fcme mesafesindedir. Dilerseniz taksi veya toplu ula\u015f\u0131m ara\u00e7lar\u0131 ile de b\u00f6lgeye ula\u015f\u0131m sa\u011flanabilir.<\/p>\n<p>[\/vc_column_text][\/vc_column][vc_column width=&#8221;3\/5&#8243;][vc_images_carousel images=&#8221;7848&#8243; img_size=&#8221;full&#8221; onclick=&#8221;link_no&#8221; speed=&#8221;3000&#8243; autoplay=&#8221;yes&#8221; hide_pagination_control=&#8221;yes&#8221; hide_prev_next_buttons=&#8221;yes&#8221; wrap=&#8221;yes&#8221;][\/vc_column][\/vc_row][vc_row][vc_column width=&#8221;3\/5&#8243;][vc_images_carousel images=&#8221;7849&#8243; img_size=&#8221;full&#8221; onclick=&#8221;link_no&#8221; speed=&#8221;3000&#8243; autoplay=&#8221;yes&#8221; hide_pagination_control=&#8221;yes&#8221; hide_prev_next_buttons=&#8221;yes&#8221; wrap=&#8221;yes&#8221;][\/vc_column][vc_column width=&#8221;2\/5&#8243;][vc_empty_space height=&#8221;60px&#8221; woodmart_hide_large=&#8221;0&#8243; woodmart_hide_medium=&#8221;0&#8243; woodmart_hide_small=&#8221;0&#8243; woodmart_hide_extra_small=&#8221;0&#8243;][vc_column_text woodmart_inline=&#8221;no&#8221; text_larger=&#8221;no&#8221;]<\/p>\n<p style=\"text-align: left; font-size: 45px; color: #333;\">Damlata\u015f Ma\u011faras\u0131<\/p>\n<p style=\"text-align: left; color: #333; font-size: 15px;\">D\u00fcnyaca \u00fcnl\u00fc Damlata\u015f Ma\u011faras\u0131 her g\u00fcn y\u00fczlerce turisti a\u011f\u0131rlamaktad\u0131r. Dinamit ate\u015flenmesi sonucu bulunan deniz k\u0131y\u0131s\u0131ndaki Damlata\u015f Ma\u011faras\u0131 ayr\u0131ca ast\u0131m hastalar\u0131na iyi gelen havas\u0131yla da \u00fcnl\u00fcd\u00fcr.<\/p>\n<p style=\"text-align: left; color: #333; font-size: 15px;\">Otelden ula\u015f\u0131m<br \/>\nDamlata\u015f Ma\u011faras\u0131 otelimize 3 kilometre uzakl\u0131kta olup 30 dakika y\u00fcr\u00fcme mesafesindedir.<\/p>\n<p>[\/vc_column_text][\/vc_column][\/vc_row]<\/p>\n<\/div>","protected":false},"excerpt":{"rendered":"<p>[vc_row full_width=&#8221;stretch_row_content_no_spaces&#8221; woodmart_css_id=&#8221;61dcceed8ccbb&#8221; responsive_spacing=&#8221;eyJwYXJhbV90eXBlIjoid29vZG1hcnRfcmVzcG9uc2l2ZV9zcGFjaW5nIiwic2VsZWN0b3JfaWQiOiI2MWRjY2VlZDhjY2JiIiwic2hvcnRjb2RlIjoidmNfcm93IiwiZGF0YSI6eyJ0YWJsZXQiOnt9LCJtb2JpbGUiOnt9fX0=&#8221; mobile_bg_img_hidden=&#8221;no&#8221; tablet_bg_img_hidden=&#8221;no&#8221; woodmart_parallax=&#8221;0&#8243; woodmart_gradient_switch=&#8221;no&#8221; woodmart_box_shadow=&#8221;no&#8221; wd_z_index=&#8221;no&#8221; woodmart_disable_overflow=&#8221;0&#8243; row_reverse_mobile=&#8221;0&#8243; row_reverse_tablet=&#8221;0&#8243;][vc_column][vc_images_carousel images=&#8221;7836,7837,7838,7839&#8243; img_size=&#8221;full&#8221; onclick=&#8221;link_no&#8221; speed=&#8221;3000&#8243; autoplay=&#8221;yes&#8221; hide_pagination_control=&#8221;yes&#8221; hide_prev_next_buttons=&#8221;yes&#8221;<\/p>\n","protected":false},"author":1,"featured_media":0,"parent":0,"menu_order":0,"comment_status":"closed","ping_status":"closed","template":"","meta":{"footnotes":""},"class_list":["post-8040","page","type-page","status-publish","hentry"],"yoast_head":"<!-- This site is optimized with the Yoast SEO plugin v27.5 - https:\/\/yoast.com\/product\/yoast-seo-wordpress\/ -->\n<title>GEZ\u0130 REHBER\u0130 - Grand Alisa Hotel Alanya<\/title>\n<meta name=\"robots\" content=\"index, follow, max-snippet:-1, max-image-preview:large, max-video-preview:-1\" \/>\n<link rel=\"canonical\" href=\"https:\/\/www.grandalisa.com\/tr\/gezi-rehberi\/\" \/>\n<meta property=\"og:locale\" content=\"tr_TR\" \/>\n<meta property=\"og:type\" content=\"article\" \/>\n<meta property=\"og:title\" content=\"GEZ\u0130 REHBER\u0130 - Grand Alisa Hotel Alanya\" \/>\n<meta property=\"og:description\" content=\"[vc_row full_width=&#8221;stretch_row_content_no_spaces&#8221; woodmart_css_id=&#8221;61dcceed8ccbb&#8221; responsive_spacing=&#8221;eyJwYXJhbV90eXBlIjoid29vZG1hcnRfcmVzcG9uc2l2ZV9zcGFjaW5nIiwic2VsZWN0b3JfaWQiOiI2MWRjY2VlZDhjY2JiIiwic2hvcnRjb2RlIjoidmNfcm93IiwiZGF0YSI6eyJ0YWJsZXQiOnt9LCJtb2JpbGUiOnt9fX0=&#8221; mobile_bg_img_hidden=&#8221;no&#8221; tablet_bg_img_hidden=&#8221;no&#8221; woodmart_parallax=&#8221;0&#8243; woodmart_gradient_switch=&#8221;no&#8221; woodmart_box_shadow=&#8221;no&#8221; wd_z_index=&#8221;no&#8221; woodmart_disable_overflow=&#8221;0&#8243; row_reverse_mobile=&#8221;0&#8243; row_reverse_tablet=&#8221;0&#8243;][vc_column][vc_images_carousel images=&#8221;7836,7837,7838,7839&#8243; img_size=&#8221;full&#8221; onclick=&#8221;link_no&#8221; speed=&#8221;3000&#8243; autoplay=&#8221;yes&#8221; hide_pagination_control=&#8221;yes&#8221; hide_prev_next_buttons=&#8221;yes&#8221;\" \/>\n<meta property=\"og:url\" content=\"https:\/\/www.grandalisa.com\/tr\/gezi-rehberi\/\" \/>\n<meta property=\"og:site_name\" content=\"Grand Alisa Hotel Alanya\" \/>\n<meta property=\"article:modified_time\" content=\"2024-01-17T00:21:06+00:00\" \/>\n<meta name=\"twitter:card\" content=\"summary_large_image\" \/>\n<meta name=\"twitter:label1\" content=\"Tahmini okuma s\u00fcresi\" \/>\n\t<meta name=\"twitter:data1\" content=\"5 dakika\" \/>\n<script type=\"application\/ld+json\" class=\"yoast-schema-graph\">{\"@context\":\"https:\\\/\\\/schema.org\",\"@graph\":[{\"@type\":\"WebPage\",\"@id\":\"https:\\\/\\\/www.grandalisa.com\\\/tr\\\/gezi-rehberi\\\/\",\"url\":\"https:\\\/\\\/www.grandalisa.com\\\/tr\\\/gezi-rehberi\\\/\",\"name\":\"GEZ\u0130 REHBER\u0130 - Grand Alisa Hotel Alanya\",\"isPartOf\":{\"@id\":\"https:\\\/\\\/www.grandalisa.com\\\/#website\"},\"datePublished\":\"2022-01-18T20:12:39+00:00\",\"dateModified\":\"2024-01-17T00:21:06+00:00\",\"breadcrumb\":{\"@id\":\"https:\\\/\\\/www.grandalisa.com\\\/tr\\\/gezi-rehberi\\\/#breadcrumb\"},\"inLanguage\":\"tr\",\"potentialAction\":[{\"@type\":\"ReadAction\",\"target\":[\"https:\\\/\\\/www.grandalisa.com\\\/tr\\\/gezi-rehberi\\\/\"]}]},{\"@type\":\"BreadcrumbList\",\"@id\":\"https:\\\/\\\/www.grandalisa.com\\\/tr\\\/gezi-rehberi\\\/#breadcrumb\",\"itemListElement\":[{\"@type\":\"ListItem\",\"position\":1,\"name\":\"Home\",\"item\":\"https:\\\/\\\/www.grandalisa.com\\\/\"},{\"@type\":\"ListItem\",\"position\":2,\"name\":\"GEZ\u0130 REHBER\u0130\"}]},{\"@type\":\"WebSite\",\"@id\":\"https:\\\/\\\/www.grandalisa.com\\\/#website\",\"url\":\"https:\\\/\\\/www.grandalisa.com\\\/\",\"name\":\"Grand Alisa Hotel Alanya\",\"description\":\"Stay Healthy! -  Alanya, Turkey\",\"potentialAction\":[{\"@type\":\"SearchAction\",\"target\":{\"@type\":\"EntryPoint\",\"urlTemplate\":\"https:\\\/\\\/www.grandalisa.com\\\/?s={search_term_string}\"},\"query-input\":{\"@type\":\"PropertyValueSpecification\",\"valueRequired\":true,\"valueName\":\"search_term_string\"}}],\"inLanguage\":\"tr\"}]}<\/script>\n<!-- \/ Yoast SEO plugin. -->","yoast_head_json":{"title":"GEZ\u0130 REHBER\u0130 - Grand Alisa Hotel Alanya","robots":{"index":"index","follow":"follow","max-snippet":"max-snippet:-1","max-image-preview":"max-image-preview:large","max-video-preview":"max-video-preview:-1"},"canonical":"https:\/\/www.grandalisa.com\/tr\/gezi-rehberi\/","og_locale":"tr_TR","og_type":"article","og_title":"GEZ\u0130 REHBER\u0130 - Grand Alisa Hotel Alanya","og_description":"[vc_row full_width=&#8221;stretch_row_content_no_spaces&#8221; woodmart_css_id=&#8221;61dcceed8ccbb&#8221; responsive_spacing=&#8221;eyJwYXJhbV90eXBlIjoid29vZG1hcnRfcmVzcG9uc2l2ZV9zcGFjaW5nIiwic2VsZWN0b3JfaWQiOiI2MWRjY2VlZDhjY2JiIiwic2hvcnRjb2RlIjoidmNfcm93IiwiZGF0YSI6eyJ0YWJsZXQiOnt9LCJtb2JpbGUiOnt9fX0=&#8221; mobile_bg_img_hidden=&#8221;no&#8221; tablet_bg_img_hidden=&#8221;no&#8221; woodmart_parallax=&#8221;0&#8243; woodmart_gradient_switch=&#8221;no&#8221; woodmart_box_shadow=&#8221;no&#8221; wd_z_index=&#8221;no&#8221; woodmart_disable_overflow=&#8221;0&#8243; row_reverse_mobile=&#8221;0&#8243; row_reverse_tablet=&#8221;0&#8243;][vc_column][vc_images_carousel images=&#8221;7836,7837,7838,7839&#8243; img_size=&#8221;full&#8221; onclick=&#8221;link_no&#8221; speed=&#8221;3000&#8243; autoplay=&#8221;yes&#8221; hide_pagination_control=&#8221;yes&#8221; hide_prev_next_buttons=&#8221;yes&#8221;","og_url":"https:\/\/www.grandalisa.com\/tr\/gezi-rehberi\/","og_site_name":"Grand Alisa Hotel Alanya","article_modified_time":"2024-01-17T00:21:06+00:00","twitter_card":"summary_large_image","twitter_misc":{"Tahmini okuma s\u00fcresi":"5 dakika"},"schema":{"@context":"https:\/\/schema.org","@graph":[{"@type":"WebPage","@id":"https:\/\/www.grandalisa.com\/tr\/gezi-rehberi\/","url":"https:\/\/www.grandalisa.com\/tr\/gezi-rehberi\/","name":"GEZ\u0130 REHBER\u0130 - Grand Alisa Hotel Alanya","isPartOf":{"@id":"https:\/\/www.grandalisa.com\/#website"},"datePublished":"2022-01-18T20:12:39+00:00","dateModified":"2024-01-17T00:21:06+00:00","breadcrumb":{"@id":"https:\/\/www.grandalisa.com\/tr\/gezi-rehberi\/#breadcrumb"},"inLanguage":"tr","potentialAction":[{"@type":"ReadAction","target":["https:\/\/www.grandalisa.com\/tr\/gezi-rehberi\/"]}]},{"@type":"BreadcrumbList","@id":"https:\/\/www.grandalisa.com\/tr\/gezi-rehberi\/#breadcrumb","itemListElement":[{"@type":"ListItem","position":1,"name":"Home","item":"https:\/\/www.grandalisa.com\/"},{"@type":"ListItem","position":2,"name":"GEZ\u0130 REHBER\u0130"}]},{"@type":"WebSite","@id":"https:\/\/www.grandalisa.com\/#website","url":"https:\/\/www.grandalisa.com\/","name":"Grand Alisa Hotel Alanya","description":"Stay Healthy! -  Alanya, Turkey","potentialAction":[{"@type":"SearchAction","target":{"@type":"EntryPoint","urlTemplate":"https:\/\/www.grandalisa.com\/?s={search_term_string}"},"query-input":{"@type":"PropertyValueSpecification","valueRequired":true,"valueName":"search_term_string"}}],"inLanguage":"tr"}]}},"_links":{"self":[{"href":"https:\/\/www.grandalisa.com\/tr\/wp-json\/wp\/v2\/pages\/8040","targetHints":{"allow":["GET"]}}],"collection":[{"href":"https:\/\/www.grandalisa.com\/tr\/wp-json\/wp\/v2\/pages"}],"about":[{"href":"https:\/\/www.grandalisa.com\/tr\/wp-json\/wp\/v2\/types\/page"}],"author":[{"embeddable":true,"href":"https:\/\/www.grandalisa.com\/tr\/wp-json\/wp\/v2\/users\/1"}],"replies":[{"embeddable":true,"href":"https:\/\/www.grandalisa.com\/tr\/wp-json\/wp\/v2\/comments?post=8040"}],"version-history":[{"count":2,"href":"https:\/\/www.grandalisa.com\/tr\/wp-json\/wp\/v2\/pages\/8040\/revisions"}],"predecessor-version":[{"id":8193,"href":"https:\/\/www.grandalisa.com\/tr\/wp-json\/wp\/v2\/pages\/8040\/revisions\/8193"}],"wp:attachment":[{"href":"https:\/\/www.grandalisa.com\/tr\/wp-json\/wp\/v2\/media?parent=8040"}],"curies":[{"name":"wp","href":"https:\/\/api.w.org\/{rel}","templated":true}]}}