{"id":8029,"date":"2022-01-18T23:04:46","date_gmt":"2022-01-18T20:04:46","guid":{"rendered":"https:\/\/www.royalisahotel.com\/?page_id=8029"},"modified":"2024-02-07T15:41:46","modified_gmt":"2024-02-07T12:41:46","slug":"hizmetler","status":"publish","type":"page","link":"https:\/\/www.grandalisa.com\/tr\/hizmetler\/","title":{"rendered":"Hizmetler"},"content":{"rendered":"<div class=\"wpb-content-wrapper\"><p>[vc_row full_width=&#8221;stretch_row_content_no_spaces&#8221; woodmart_css_id=&#8221;61dcceed8ccbb&#8221; responsive_spacing=&#8221;eyJwYXJhbV90eXBlIjoid29vZG1hcnRfcmVzcG9uc2l2ZV9zcGFjaW5nIiwic2VsZWN0b3JfaWQiOiI2MWRjY2VlZDhjY2JiIiwic2hvcnRjb2RlIjoidmNfcm93IiwiZGF0YSI6eyJ0YWJsZXQiOnt9LCJtb2JpbGUiOnt9fX0=&#8221; mobile_bg_img_hidden=&#8221;no&#8221; tablet_bg_img_hidden=&#8221;no&#8221; woodmart_parallax=&#8221;0&#8243; woodmart_gradient_switch=&#8221;no&#8221; woodmart_box_shadow=&#8221;no&#8221; wd_z_index=&#8221;no&#8221; woodmart_disable_overflow=&#8221;0&#8243; row_reverse_mobile=&#8221;0&#8243; row_reverse_tablet=&#8221;0&#8243;][vc_column][vc_images_carousel images=&#8221;7827&#8243; img_size=&#8221;full&#8221; onclick=&#8221;link_no&#8221; speed=&#8221;3000&#8243; autoplay=&#8221;yes&#8221; hide_pagination_control=&#8221;yes&#8221; hide_prev_next_buttons=&#8221;yes&#8221; wrap=&#8221;yes&#8221;][vc_row_inner][vc_column_inner][vc_column_text woodmart_inline=&#8221;no&#8221; text_larger=&#8221;no&#8221;]<\/p>\n<p style=\"text-align: center; font-size: 45px; color: #333;\">Hizmetler<\/p>\n<p>[\/vc_column_text][\/vc_column_inner][\/vc_row_inner][\/vc_column][\/vc_row][vc_row][vc_column width=&#8221;1\/2&#8243;][vc_images_carousel images=&#8221;7828&#8243; img_size=&#8221;full&#8221; onclick=&#8221;link_no&#8221; speed=&#8221;3000&#8243; autoplay=&#8221;yes&#8221; hide_pagination_control=&#8221;yes&#8221; hide_prev_next_buttons=&#8221;yes&#8221; wrap=&#8221;yes&#8221;][\/vc_column][vc_column width=&#8221;1\/2&#8243;][vc_empty_space height=&#8221;50px&#8221; woodmart_hide_large=&#8221;0&#8243; woodmart_hide_medium=&#8221;0&#8243; woodmart_hide_small=&#8221;0&#8243; woodmart_hide_extra_small=&#8221;0&#8243;][vc_column_text woodmart_inline=&#8221;no&#8221; text_larger=&#8221;no&#8221;]<\/p>\n<p style=\"font-size: 45px; color: #333333; text-align: center;\">\u00dccretli Aktiviteler<\/p>\n<p style=\"color: #333333; font-size: 15px; text-align: center;\">Market, Butik, Hediyelik E\u015fya, Foto\u011fraf st\u00fcdyosu, Kuaf\u00f6r, Doktor, Nargile, Kasa, Telefon, Faks, T\u00fcrk hamam\u0131, Jakuzi, Sauna, Buhar odas\u0131, Masaj, Ara\u00e7 kiralama, Bisiklet kiralama, Elektrikli bisiklet kiralama, \u0130nternet Plaja ait \u015fezlong ve \u015femsiyeler<\/p>\n<p>[\/vc_column_text][vc_btn title=&#8221;Rezervasyon Yap\u0131n&#8221; style=&#8221;custom&#8221; custom_background=&#8221;#d2ab67&#8243; custom_text=&#8221;#ffffff&#8221; shape=&#8221;square&#8221; align=&#8221;center&#8221; link=&#8221;url:https%3A%2F%2Fwww.grandalisa.com%2Ftr%2Filetisim%2F|title:%C4%B0LET%C4%B0%C5%9E%C4%B0M&#8221;][\/vc_column][\/vc_row][vc_row][vc_column width=&#8221;1\/2&#8243;][vc_empty_space height=&#8221;50px&#8221; woodmart_hide_large=&#8221;0&#8243; woodmart_hide_medium=&#8221;0&#8243; woodmart_hide_small=&#8221;0&#8243; woodmart_hide_extra_small=&#8221;0&#8243;][vc_column_text woodmart_inline=&#8221;no&#8221; text_larger=&#8221;no&#8221;]<\/p>\n<p style=\"font-size: 45px; color: #333333; text-align: center;\">\u00dccretsiz Aktiviteler<\/p>\n<p style=\"color: #333333; font-size: 15px; text-align: center;\">Y\u00fczme havuzu<br \/>\n\u00c7ocuk havuzu<br \/>\nSu kayd\u0131raklar\u0131<br \/>\n\u00c7ocuk park\u0131\/oyun alan\u0131<br \/>\nAnimasyon oyunu<\/p>\n<p>[\/vc_column_text][vc_btn title=&#8221;Rezervasyon Yap\u0131n&#8221; style=&#8221;custom&#8221; custom_background=&#8221;#d2ab67&#8243; custom_text=&#8221;#ffffff&#8221; shape=&#8221;square&#8221; align=&#8221;center&#8221; link=&#8221;url:https%3A%2F%2Fwww.grandalisa.com%2Ftr%2Filetisim%2F|title:%C4%B0LET%C4%B0%C5%9E%C4%B0M&#8221;][\/vc_column][vc_column width=&#8221;1\/2&#8243;][vc_images_carousel images=&#8221;7833&#8243; img_size=&#8221;full&#8221; onclick=&#8221;link_no&#8221; speed=&#8221;3000&#8243; autoplay=&#8221;yes&#8221; hide_pagination_control=&#8221;yes&#8221; hide_prev_next_buttons=&#8221;yes&#8221; wrap=&#8221;yes&#8221;][\/vc_column][\/vc_row]<\/p>\n<\/div>","protected":false},"excerpt":{"rendered":"<p>[vc_row full_width=&#8221;stretch_row_content_no_spaces&#8221; woodmart_css_id=&#8221;61dcceed8ccbb&#8221; responsive_spacing=&#8221;eyJwYXJhbV90eXBlIjoid29vZG1hcnRfcmVzcG9uc2l2ZV9zcGFjaW5nIiwic2VsZWN0b3JfaWQiOiI2MWRjY2VlZDhjY2JiIiwic2hvcnRjb2RlIjoidmNfcm93IiwiZGF0YSI6eyJ0YWJsZXQiOnt9LCJtb2JpbGUiOnt9fX0=&#8221; mobile_bg_img_hidden=&#8221;no&#8221; tablet_bg_img_hidden=&#8221;no&#8221; woodmart_parallax=&#8221;0&#8243; woodmart_gradient_switch=&#8221;no&#8221; woodmart_box_shadow=&#8221;no&#8221; wd_z_index=&#8221;no&#8221; woodmart_disable_overflow=&#8221;0&#8243; row_reverse_mobile=&#8221;0&#8243; row_reverse_tablet=&#8221;0&#8243;][vc_column][vc_images_carousel images=&#8221;7827&#8243; img_size=&#8221;full&#8221; onclick=&#8221;link_no&#8221; speed=&#8221;3000&#8243; autoplay=&#8221;yes&#8221; hide_pagination_control=&#8221;yes&#8221; hide_prev_next_buttons=&#8221;yes&#8221;<\/p>\n","protected":false},"author":1,"featured_media":0,"parent":0,"menu_order":0,"comment_status":"closed","ping_status":"closed","template":"","meta":{"footnotes":""},"class_list":["post-8029","page","type-page","status-publish","hentry"],"yoast_head":"<!-- This site is optimized with the Yoast SEO plugin v27.5 - https:\/\/yoast.com\/product\/yoast-seo-wordpress\/ -->\n<title>Hizmetler - Grand Alisa Hotel Alanya<\/title>\n<meta name=\"robots\" content=\"index, follow, max-snippet:-1, max-image-preview:large, max-video-preview:-1\" \/>\n<link rel=\"canonical\" href=\"https:\/\/www.grandalisa.com\/tr\/hizmetler\/\" \/>\n<meta property=\"og:locale\" content=\"tr_TR\" \/>\n<meta property=\"og:type\" content=\"article\" \/>\n<meta property=\"og:title\" content=\"Hizmetler - Grand Alisa Hotel Alanya\" \/>\n<meta property=\"og:description\" content=\"[vc_row full_width=&#8221;stretch_row_content_no_spaces&#8221; woodmart_css_id=&#8221;61dcceed8ccbb&#8221; responsive_spacing=&#8221;eyJwYXJhbV90eXBlIjoid29vZG1hcnRfcmVzcG9uc2l2ZV9zcGFjaW5nIiwic2VsZWN0b3JfaWQiOiI2MWRjY2VlZDhjY2JiIiwic2hvcnRjb2RlIjoidmNfcm93IiwiZGF0YSI6eyJ0YWJsZXQiOnt9LCJtb2JpbGUiOnt9fX0=&#8221; mobile_bg_img_hidden=&#8221;no&#8221; tablet_bg_img_hidden=&#8221;no&#8221; woodmart_parallax=&#8221;0&#8243; woodmart_gradient_switch=&#8221;no&#8221; woodmart_box_shadow=&#8221;no&#8221; wd_z_index=&#8221;no&#8221; woodmart_disable_overflow=&#8221;0&#8243; row_reverse_mobile=&#8221;0&#8243; row_reverse_tablet=&#8221;0&#8243;][vc_column][vc_images_carousel images=&#8221;7827&#8243; img_size=&#8221;full&#8221; onclick=&#8221;link_no&#8221; speed=&#8221;3000&#8243; autoplay=&#8221;yes&#8221; hide_pagination_control=&#8221;yes&#8221; hide_prev_next_buttons=&#8221;yes&#8221;\" \/>\n<meta property=\"og:url\" content=\"https:\/\/www.grandalisa.com\/tr\/hizmetler\/\" \/>\n<meta property=\"og:site_name\" content=\"Grand Alisa Hotel Alanya\" \/>\n<meta property=\"article:modified_time\" content=\"2024-02-07T12:41:46+00:00\" \/>\n<meta name=\"twitter:card\" content=\"summary_large_image\" \/>\n<meta name=\"twitter:label1\" content=\"Tahmini okuma s\u00fcresi\" \/>\n\t<meta name=\"twitter:data1\" content=\"2 dakika\" \/>\n<script type=\"application\/ld+json\" class=\"yoast-schema-graph\">{\"@context\":\"https:\\\/\\\/schema.org\",\"@graph\":[{\"@type\":\"WebPage\",\"@id\":\"https:\\\/\\\/www.grandalisa.com\\\/tr\\\/hizmetler\\\/\",\"url\":\"https:\\\/\\\/www.grandalisa.com\\\/tr\\\/hizmetler\\\/\",\"name\":\"Hizmetler - Grand Alisa Hotel Alanya\",\"isPartOf\":{\"@id\":\"https:\\\/\\\/www.grandalisa.com\\\/#website\"},\"datePublished\":\"2022-01-18T20:04:46+00:00\",\"dateModified\":\"2024-02-07T12:41:46+00:00\",\"breadcrumb\":{\"@id\":\"https:\\\/\\\/www.grandalisa.com\\\/tr\\\/hizmetler\\\/#breadcrumb\"},\"inLanguage\":\"tr\",\"potentialAction\":[{\"@type\":\"ReadAction\",\"target\":[\"https:\\\/\\\/www.grandalisa.com\\\/tr\\\/hizmetler\\\/\"]}]},{\"@type\":\"BreadcrumbList\",\"@id\":\"https:\\\/\\\/www.grandalisa.com\\\/tr\\\/hizmetler\\\/#breadcrumb\",\"itemListElement\":[{\"@type\":\"ListItem\",\"position\":1,\"name\":\"Home\",\"item\":\"https:\\\/\\\/www.grandalisa.com\\\/\"},{\"@type\":\"ListItem\",\"position\":2,\"name\":\"Hizmetler\"}]},{\"@type\":\"WebSite\",\"@id\":\"https:\\\/\\\/www.grandalisa.com\\\/#website\",\"url\":\"https:\\\/\\\/www.grandalisa.com\\\/\",\"name\":\"Grand Alisa Hotel Alanya\",\"description\":\"Stay Healthy! -  Alanya, Turkey\",\"potentialAction\":[{\"@type\":\"SearchAction\",\"target\":{\"@type\":\"EntryPoint\",\"urlTemplate\":\"https:\\\/\\\/www.grandalisa.com\\\/?s={search_term_string}\"},\"query-input\":{\"@type\":\"PropertyValueSpecification\",\"valueRequired\":true,\"valueName\":\"search_term_string\"}}],\"inLanguage\":\"tr\"}]}<\/script>\n<!-- \/ Yoast SEO plugin. -->","yoast_head_json":{"title":"Hizmetler - Grand Alisa Hotel Alanya","robots":{"index":"index","follow":"follow","max-snippet":"max-snippet:-1","max-image-preview":"max-image-preview:large","max-video-preview":"max-video-preview:-1"},"canonical":"https:\/\/www.grandalisa.com\/tr\/hizmetler\/","og_locale":"tr_TR","og_type":"article","og_title":"Hizmetler - Grand Alisa Hotel Alanya","og_description":"[vc_row full_width=&#8221;stretch_row_content_no_spaces&#8221; woodmart_css_id=&#8221;61dcceed8ccbb&#8221; responsive_spacing=&#8221;eyJwYXJhbV90eXBlIjoid29vZG1hcnRfcmVzcG9uc2l2ZV9zcGFjaW5nIiwic2VsZWN0b3JfaWQiOiI2MWRjY2VlZDhjY2JiIiwic2hvcnRjb2RlIjoidmNfcm93IiwiZGF0YSI6eyJ0YWJsZXQiOnt9LCJtb2JpbGUiOnt9fX0=&#8221; mobile_bg_img_hidden=&#8221;no&#8221; tablet_bg_img_hidden=&#8221;no&#8221; woodmart_parallax=&#8221;0&#8243; woodmart_gradient_switch=&#8221;no&#8221; woodmart_box_shadow=&#8221;no&#8221; wd_z_index=&#8221;no&#8221; woodmart_disable_overflow=&#8221;0&#8243; row_reverse_mobile=&#8221;0&#8243; row_reverse_tablet=&#8221;0&#8243;][vc_column][vc_images_carousel images=&#8221;7827&#8243; img_size=&#8221;full&#8221; onclick=&#8221;link_no&#8221; speed=&#8221;3000&#8243; autoplay=&#8221;yes&#8221; hide_pagination_control=&#8221;yes&#8221; hide_prev_next_buttons=&#8221;yes&#8221;","og_url":"https:\/\/www.grandalisa.com\/tr\/hizmetler\/","og_site_name":"Grand Alisa Hotel Alanya","article_modified_time":"2024-02-07T12:41:46+00:00","twitter_card":"summary_large_image","twitter_misc":{"Tahmini okuma s\u00fcresi":"2 dakika"},"schema":{"@context":"https:\/\/schema.org","@graph":[{"@type":"WebPage","@id":"https:\/\/www.grandalisa.com\/tr\/hizmetler\/","url":"https:\/\/www.grandalisa.com\/tr\/hizmetler\/","name":"Hizmetler - Grand Alisa Hotel Alanya","isPartOf":{"@id":"https:\/\/www.grandalisa.com\/#website"},"datePublished":"2022-01-18T20:04:46+00:00","dateModified":"2024-02-07T12:41:46+00:00","breadcrumb":{"@id":"https:\/\/www.grandalisa.com\/tr\/hizmetler\/#breadcrumb"},"inLanguage":"tr","potentialAction":[{"@type":"ReadAction","target":["https:\/\/www.grandalisa.com\/tr\/hizmetler\/"]}]},{"@type":"BreadcrumbList","@id":"https:\/\/www.grandalisa.com\/tr\/hizmetler\/#breadcrumb","itemListElement":[{"@type":"ListItem","position":1,"name":"Home","item":"https:\/\/www.grandalisa.com\/"},{"@type":"ListItem","position":2,"name":"Hizmetler"}]},{"@type":"WebSite","@id":"https:\/\/www.grandalisa.com\/#website","url":"https:\/\/www.grandalisa.com\/","name":"Grand Alisa Hotel Alanya","description":"Stay Healthy! -  Alanya, Turkey","potentialAction":[{"@type":"SearchAction","target":{"@type":"EntryPoint","urlTemplate":"https:\/\/www.grandalisa.com\/?s={search_term_string}"},"query-input":{"@type":"PropertyValueSpecification","valueRequired":true,"valueName":"search_term_string"}}],"inLanguage":"tr"}]}},"_links":{"self":[{"href":"https:\/\/www.grandalisa.com\/tr\/wp-json\/wp\/v2\/pages\/8029","targetHints":{"allow":["GET"]}}],"collection":[{"href":"https:\/\/www.grandalisa.com\/tr\/wp-json\/wp\/v2\/pages"}],"about":[{"href":"https:\/\/www.grandalisa.com\/tr\/wp-json\/wp\/v2\/types\/page"}],"author":[{"embeddable":true,"href":"https:\/\/www.grandalisa.com\/tr\/wp-json\/wp\/v2\/users\/1"}],"replies":[{"embeddable":true,"href":"https:\/\/www.grandalisa.com\/tr\/wp-json\/wp\/v2\/comments?post=8029"}],"version-history":[{"count":5,"href":"https:\/\/www.grandalisa.com\/tr\/wp-json\/wp\/v2\/pages\/8029\/revisions"}],"predecessor-version":[{"id":8250,"href":"https:\/\/www.grandalisa.com\/tr\/wp-json\/wp\/v2\/pages\/8029\/revisions\/8250"}],"wp:attachment":[{"href":"https:\/\/www.grandalisa.com\/tr\/wp-json\/wp\/v2\/media?parent=8029"}],"curies":[{"name":"wp","href":"https:\/\/api.w.org\/{rel}","templated":true}]}}